{"id":5058,"date":"2016-08-23T13:18:58","date_gmt":"2016-08-23T11:18:58","guid":{"rendered":"https:\/\/www.issekinicho.fr\/editions\/?post_type=product&#038;p=5058"},"modified":"2026-04-05T11:08:47","modified_gmt":"2026-04-05T09:08:47","slug":"saru","status":"publish","type":"product","link":"https:\/\/www.issekinicho.fr\/editions\/produit\/saru\/","title":{"rendered":"Saru"},"content":{"rendered":"<div class=\"_df_book df-lite\" id=\"df_10621\"  _slug=\"saru-ex\" data-title=\"saru-singes-du-japon-ex\" wpoptions=\"true\" thumb=\"https:\/\/www.issekinicho.fr\/editions\/wp-content\/uploads\/2019\/11\/vignette_saru.webp\" thumbtype=\"img\" ><\/div><script class=\"df-shortcode-script\" nowprocket type=\"application\/javascript\">window.option_df_10621 = {\"outline\":[],\"hard\":\"cover\",\"autoEnableOutline\":\"false\",\"autoEnableThumbnail\":\"false\",\"overwritePDFOutline\":\"false\",\"direction\":\"1\",\"pageMode\":\"0\",\"autoPlay\":\"true\",\"autoPlayStart\":\"true\",\"source\":\"https:\\\/\\\/www.issekinicho.fr\\\/editions\\\/wp-content\\\/uploads\\\/2019\\\/11\\\/SARU_extrait.pdf\",\"wpOptions\":\"true\"}; if(window.DFLIP && window.DFLIP.parseBooks){window.DFLIP.parseBooks();}<\/script>\n<p>&nbsp;<\/p>\n<p><strong>240 pages<br \/>\nFormat :<\/strong> 27 cm x 25 cm<br \/>\n<strong>Couverture :<\/strong>\u00a0cartonn\u00e9e,\u00a0pelliculage mat<br \/>\n<strong>Finition<\/strong> : vernis s\u00e9lectif<br \/>\n<strong>Papier :<\/strong>\u00a0G-print 150g<br \/>\n<strong>Reliure<\/strong>\u00a0<strong>:<\/strong> cahiers cousus<\/p>\n<p><strong>ISBN :<\/strong> 979-1-0953970-1-4<\/p>\n<h4><span style=\"color: #ffffff;\">&#8211;<\/span><br \/>\n<span style=\"color: #ffffff;\">&#8211;<\/span><br \/>\nD\u00e9couvrez <a href=\"https:\/\/www.youtube.com\/watch?list=PLBMMkYpPXHQjjkva7bHy29YGveEOtMa1i&amp;v=7VNr3jQA-LY&amp;feature=emb_title\" target=\"_blank\" rel=\"noopener noreferrer\"><strong>le making-off du livre<\/strong> en vid\u00e9o<\/a> !<\/h4>\n<p><iframe title=\"Saru - Singes du Japon\" width=\"800\" height=\"450\" src=\"https:\/\/www.youtube.com\/embed\/3VGHtgDfQok?feature=oembed\" frameborder=\"0\" allow=\"accelerometer; autoplay; clipboard-write; encrypted-media; gyroscope; picture-in-picture; web-share\" referrerpolicy=\"strict-origin-when-cross-origin\" allowfullscreen><\/iframe><\/p>\n<p>&nbsp;<\/p>\n<h4>L&rsquo;<a href=\"https:\/\/www.issekinicho.fr\/saru-expo\/\" target=\"_blank\" rel=\"noopener noreferrer\">exposition photo et les conf\u00e9rences<\/a><\/h4>\n<figure id=\"attachment_11468\" aria-describedby=\"caption-attachment-11468\" style=\"width: 1100px\" class=\"wp-caption aligncenter\"><img decoding=\"async\" class=\"size-full wp-image-11468\" src=\"https:\/\/www.issekinicho.fr\/editions\/wp-content\/uploads\/2020\/10\/saru_expo2-1.webp\" alt=\"\" width=\"1100\" height=\"204\" srcset=\"https:\/\/www.issekinicho.fr\/editions\/wp-content\/uploads\/2020\/10\/saru_expo2-1.webp 1100w, https:\/\/www.issekinicho.fr\/editions\/wp-content\/uploads\/2020\/10\/saru_expo2-1-600x111.webp 600w, https:\/\/www.issekinicho.fr\/editions\/wp-content\/uploads\/2020\/10\/saru_expo2-1-900x167.webp 900w, https:\/\/www.issekinicho.fr\/editions\/wp-content\/uploads\/2020\/10\/saru_expo2-1-768x142.webp 768w\" sizes=\"(max-width: 1100px) 100vw, 1100px\" \/><figcaption id=\"caption-attachment-11468\" class=\"wp-caption-text\">Exposition \u00e0 la m\u00e9diath\u00e8que Andr\u00e9 Malraux de Strasbourg<\/figcaption><\/figure>\n<figure id=\"attachment_11467\" aria-describedby=\"caption-attachment-11467\" style=\"width: 1100px\" class=\"wp-caption aligncenter\"><img decoding=\"async\" class=\"size-full wp-image-11467\" src=\"https:\/\/www.issekinicho.fr\/editions\/wp-content\/uploads\/2020\/10\/MCJP_saru-1.webp\" alt=\"\" width=\"1100\" height=\"665\" srcset=\"https:\/\/www.issekinicho.fr\/editions\/wp-content\/uploads\/2020\/10\/MCJP_saru-1.webp 1100w, https:\/\/www.issekinicho.fr\/editions\/wp-content\/uploads\/2020\/10\/MCJP_saru-1-600x363.webp 600w, https:\/\/www.issekinicho.fr\/editions\/wp-content\/uploads\/2020\/10\/MCJP_saru-1-900x544.webp 900w, https:\/\/www.issekinicho.fr\/editions\/wp-content\/uploads\/2020\/10\/MCJP_saru-1-768x464.webp 768w\" sizes=\"(max-width: 1100px) 100vw, 1100px\" \/><figcaption id=\"caption-attachment-11467\" class=\"wp-caption-text\">Conf\u00e9rence \u00e0 la Maison de la culture du Japon \u00e0 Paris<\/figcaption><\/figure>\n<p><strong>\u00ab\u00a0Saru, singes du Japon\u00a0\u00bb<\/strong>, c&rsquo;est aussi une exposition de photos itin\u00e9rante. Elle peut \u00eatre r\u00e9serv\u00e9e par les m\u00e9diath\u00e8ques, biblioth\u00e8ques ou tout autre lieu d&rsquo;exposition. Toutes les infos \u00e0 propos de l&rsquo;exposition sont sur cette page : <span style=\"color: #ff0000;\"><a style=\"color: #ff0000;\" href=\"https:\/\/www.issekinicho.fr\/saru-expo\/\" target=\"_blank\" rel=\"noopener noreferrer\">Exposition photo \u00ab\u00a0Saru, singes du Japon\u00a0\u00bb.<\/a><\/span><\/p>\n<p><em><br \/>\n[embedyt] http:\/\/www.youtube.com\/watch?v=3VGHtgDfQok[\/embedyt]<br \/>\nInterview d&rsquo;Alexandre Bonnefoy lors de l&rsquo;exposition \u00e0 la m\u00e9diath\u00e8que Andr\u00e9 Malraux en 2017<br \/>\n<\/em><\/p>\n","protected":false},"excerpt":{"rendered":"<p style=\"text-align: left;\"><strong>Photographies : <\/strong>Alexandre Bonnefoy<br \/>\n<strong> Textes : <\/strong>C\u00e9dric Sueur, Marie Pel\u00e9<br \/>\n<strong> Illustrations : <\/strong>Delphine Vaufrey<br \/>\n<strong> Pr\u00e9face : <\/strong>Tetsuro Matsuzawa <em>(Institut de primatologie de Kyoto)<\/em><\/p>\n<h3 style=\"text-align: center;\">L&rsquo;\u00e9pop\u00e9e des singes du Japon<\/h3>\n<p>Les macaques du Japon sont des singes aux comportements fascinants. Surnomm\u00e9s singes des neiges, ils sont capables de vivre dans des conditions extr\u00eames. Nous les avons suivis dans tout le Japon pendant trois saisons (printemps, automne, hiver) des plaines enneig\u00e9es de la p\u00e9ninsule de Shimokita au nord, jusqu&rsquo;aux for\u00eats de l&rsquo;\u00eele de Yakushima, au sud de l&rsquo;archipel nippon.<\/p>\n<p>Des <strong>textes passionants<\/strong> \u00e9crits par les plus grands sp\u00e9cialistes, des pages d<strong>&lsquo;illustrations<\/strong> et plus de<strong> 210 photos<\/strong> accompagn\u00e9es du <strong>r\u00e9cit de voyage du photographe.<\/strong><\/p>\n","protected":false},"featured_media":11198,"template":"","meta":[],"product_brand":[],"product_cat":[58],"product_tag":[],"class_list":{"0":"post-5058","1":"product","2":"type-product","3":"status-publish","4":"has-post-thumbnail","6":"product_cat-titres-epuises","8":"first","9":"outofstock","10":"taxable","11":"shipping-taxable","12":"purchasable","13":"product-type-simple"},"yoast_head":"<!-- This site is optimized with the Yoast SEO plugin v27.4 - https:\/\/yoast.com\/product\/yoast-seo-wordpress\/ -->\n<title>Saru &#8226; Livre photo publi\u00e9 par les Editions Issekinicho<\/title>\n<meta name=\"description\" content=\"D\u00e9couvrez les macaques du Japon et leurs comportements fascinants, dans ce magnifique livre de photographie animali\u00e8re.\" \/>\n<meta name=\"robots\" content=\"index, follow, max-snippet:-1, max-image-preview:large, max-video-preview:-1\" \/>\n<link rel=\"canonical\" href=\"https:\/\/www.issekinicho.fr\/editions\/produit\/saru\/\" \/>\n<meta property=\"og:locale\" content=\"fr_FR\" \/>\n<meta property=\"og:type\" content=\"article\" \/>\n<meta property=\"og:title\" content=\"Saru &#8226; Livre photo publi\u00e9 par les Editions Issekinicho\" \/>\n<meta property=\"og:description\" content=\"D\u00e9couvrez les macaques du Japon et leurs comportements fascinants, dans ce magnifique livre de photographie animali\u00e8re.\" \/>\n<meta property=\"og:url\" content=\"https:\/\/www.issekinicho.fr\/editions\/produit\/saru\/\" \/>\n<meta property=\"og:site_name\" content=\"Editions Issekinicho\" \/>\n<meta property=\"article:publisher\" content=\"https:\/\/www.facebook.com\/issekinicho\/\" \/>\n<meta property=\"article:modified_time\" content=\"2026-04-05T09:08:47+00:00\" \/>\n<meta property=\"og:image\" content=\"https:\/\/www.issekinicho.fr\/editions\/wp-content\/uploads\/2020\/09\/saru_ficheprod_lightbox.webp\" \/>\n\t<meta property=\"og:image:width\" content=\"1200\" \/>\n\t<meta property=\"og:image:height\" content=\"1457\" \/>\n\t<meta property=\"og:image:type\" content=\"image\/jpeg\" \/>\n<meta name=\"twitter:card\" content=\"summary_large_image\" \/>\n<meta name=\"twitter:site\" content=\"@Isseki_nicho\" \/>\n<meta name=\"twitter:label1\" content=\"Dur\u00e9e de lecture estim\u00e9e\" \/>\n\t<meta name=\"twitter:data1\" content=\"2 minutes\" \/>\n<script type=\"application\/ld+json\" class=\"yoast-schema-graph\">{\"@context\":\"https:\\\/\\\/schema.org\",\"@graph\":[{\"@type\":\"WebPage\",\"@id\":\"https:\\\/\\\/www.issekinicho.fr\\\/editions\\\/produit\\\/saru\\\/\",\"url\":\"https:\\\/\\\/www.issekinicho.fr\\\/editions\\\/produit\\\/saru\\\/\",\"name\":\"Saru &#8226; Livre photo publi\u00e9 par les Editions Issekinicho\",\"isPartOf\":{\"@id\":\"https:\\\/\\\/www.issekinicho.fr\\\/editions\\\/#website\"},\"primaryImageOfPage\":{\"@id\":\"https:\\\/\\\/www.issekinicho.fr\\\/editions\\\/produit\\\/saru\\\/#primaryimage\"},\"image\":{\"@id\":\"https:\\\/\\\/www.issekinicho.fr\\\/editions\\\/produit\\\/saru\\\/#primaryimage\"},\"thumbnailUrl\":\"https:\\\/\\\/www.issekinicho.fr\\\/editions\\\/wp-content\\\/uploads\\\/2020\\\/09\\\/saru_ficheprod_lightbox.webp\",\"datePublished\":\"2016-08-23T11:18:58+00:00\",\"dateModified\":\"2026-04-05T09:08:47+00:00\",\"description\":\"D\u00e9couvrez les macaques du Japon et leurs comportements fascinants, dans ce magnifique livre de photographie animali\u00e8re.\",\"breadcrumb\":{\"@id\":\"https:\\\/\\\/www.issekinicho.fr\\\/editions\\\/produit\\\/saru\\\/#breadcrumb\"},\"inLanguage\":\"fr-FR\",\"potentialAction\":[{\"@type\":\"ReadAction\",\"target\":[\"https:\\\/\\\/www.issekinicho.fr\\\/editions\\\/produit\\\/saru\\\/\"]}]},{\"@type\":\"ImageObject\",\"inLanguage\":\"fr-FR\",\"@id\":\"https:\\\/\\\/www.issekinicho.fr\\\/editions\\\/produit\\\/saru\\\/#primaryimage\",\"url\":\"https:\\\/\\\/www.issekinicho.fr\\\/editions\\\/wp-content\\\/uploads\\\/2020\\\/09\\\/saru_ficheprod_lightbox.webp\",\"contentUrl\":\"https:\\\/\\\/www.issekinicho.fr\\\/editions\\\/wp-content\\\/uploads\\\/2020\\\/09\\\/saru_ficheprod_lightbox.webp\",\"width\":1200,\"height\":1457,\"caption\":\"Saru Singes du Japon - couverture du livre\"},{\"@type\":\"BreadcrumbList\",\"@id\":\"https:\\\/\\\/www.issekinicho.fr\\\/editions\\\/produit\\\/saru\\\/#breadcrumb\",\"itemListElement\":[{\"@type\":\"ListItem\",\"position\":1,\"name\":\"Catalogue\",\"item\":\"https:\\\/\\\/www.issekinicho.fr\\\/editions\\\/\"},{\"@type\":\"ListItem\",\"position\":2,\"name\":\"Produits\",\"item\":\"https:\\\/\\\/www.issekinicho.fr\\\/editions\\\/shop\\\/\"},{\"@type\":\"ListItem\",\"position\":3,\"name\":\"Saru\"}]},{\"@type\":\"WebSite\",\"@id\":\"https:\\\/\\\/www.issekinicho.fr\\\/editions\\\/#website\",\"url\":\"https:\\\/\\\/www.issekinicho.fr\\\/editions\\\/\",\"name\":\"Editions Issekinicho\",\"description\":\"Livres jeunesse, BD et guides sur le Japon\",\"publisher\":{\"@id\":\"https:\\\/\\\/www.issekinicho.fr\\\/editions\\\/#organization\"},\"potentialAction\":[{\"@type\":\"SearchAction\",\"target\":{\"@type\":\"EntryPoint\",\"urlTemplate\":\"https:\\\/\\\/www.issekinicho.fr\\\/editions\\\/?s={search_term_string}\"},\"query-input\":{\"@type\":\"PropertyValueSpecification\",\"valueRequired\":true,\"valueName\":\"search_term_string\"}}],\"inLanguage\":\"fr-FR\"},{\"@type\":\"Organization\",\"@id\":\"https:\\\/\\\/www.issekinicho.fr\\\/editions\\\/#organization\",\"name\":\"Editions ISSEKINICHO\",\"url\":\"https:\\\/\\\/www.issekinicho.fr\\\/editions\\\/\",\"logo\":{\"@type\":\"ImageObject\",\"inLanguage\":\"fr-FR\",\"@id\":\"https:\\\/\\\/www.issekinicho.fr\\\/editions\\\/#\\\/schema\\\/logo\\\/image\\\/\",\"url\":\"https:\\\/\\\/www.issekinicho.fr\\\/editions\\\/wp-content\\\/uploads\\\/2013\\\/07\\\/logo_v3_01_vignette.webp\",\"contentUrl\":\"https:\\\/\\\/www.issekinicho.fr\\\/editions\\\/wp-content\\\/uploads\\\/2013\\\/07\\\/logo_v3_01_vignette.webp\",\"width\":74,\"height\":100,\"caption\":\"Editions ISSEKINICHO\"},\"image\":{\"@id\":\"https:\\\/\\\/www.issekinicho.fr\\\/editions\\\/#\\\/schema\\\/logo\\\/image\\\/\"},\"sameAs\":[\"https:\\\/\\\/www.facebook.com\\\/issekinicho\\\/\",\"https:\\\/\\\/x.com\\\/Isseki_nicho\",\"https:\\\/\\\/www.instagram.com\\\/isseki_nicho\\\/\",\"https:\\\/\\\/fr.pinterest.com\\\/issekinicho\\\/\",\"https:\\\/\\\/www.youtube.com\\\/user\\\/issekinicho\"]}]}<\/script>\n<!-- \/ Yoast SEO plugin. -->","yoast_head_json":{"title":"Saru &#8226; Livre photo publi\u00e9 par les Editions Issekinicho","description":"D\u00e9couvrez les macaques du Japon et leurs comportements fascinants, dans ce magnifique livre de photographie animali\u00e8re.","robots":{"index":"index","follow":"follow","max-snippet":"max-snippet:-1","max-image-preview":"max-image-preview:large","max-video-preview":"max-video-preview:-1"},"canonical":"https:\/\/www.issekinicho.fr\/editions\/produit\/saru\/","og_locale":"fr_FR","og_type":"article","og_title":"Saru &#8226; Livre photo publi\u00e9 par les Editions Issekinicho","og_description":"D\u00e9couvrez les macaques du Japon et leurs comportements fascinants, dans ce magnifique livre de photographie animali\u00e8re.","og_url":"https:\/\/www.issekinicho.fr\/editions\/produit\/saru\/","og_site_name":"Editions Issekinicho","article_publisher":"https:\/\/www.facebook.com\/issekinicho\/","article_modified_time":"2026-04-05T09:08:47+00:00","og_image":[{"width":1200,"height":1457,"url":"https:\/\/www.issekinicho.fr\/editions\/wp-content\/uploads\/2020\/09\/saru_ficheprod_lightbox.webp","type":"image\/jpeg"}],"twitter_card":"summary_large_image","twitter_site":"@Isseki_nicho","twitter_misc":{"Dur\u00e9e de lecture estim\u00e9e":"2 minutes"},"schema":{"@context":"https:\/\/schema.org","@graph":[{"@type":"WebPage","@id":"https:\/\/www.issekinicho.fr\/editions\/produit\/saru\/","url":"https:\/\/www.issekinicho.fr\/editions\/produit\/saru\/","name":"Saru &#8226; Livre photo publi\u00e9 par les Editions Issekinicho","isPartOf":{"@id":"https:\/\/www.issekinicho.fr\/editions\/#website"},"primaryImageOfPage":{"@id":"https:\/\/www.issekinicho.fr\/editions\/produit\/saru\/#primaryimage"},"image":{"@id":"https:\/\/www.issekinicho.fr\/editions\/produit\/saru\/#primaryimage"},"thumbnailUrl":"https:\/\/www.issekinicho.fr\/editions\/wp-content\/uploads\/2020\/09\/saru_ficheprod_lightbox.webp","datePublished":"2016-08-23T11:18:58+00:00","dateModified":"2026-04-05T09:08:47+00:00","description":"D\u00e9couvrez les macaques du Japon et leurs comportements fascinants, dans ce magnifique livre de photographie animali\u00e8re.","breadcrumb":{"@id":"https:\/\/www.issekinicho.fr\/editions\/produit\/saru\/#breadcrumb"},"inLanguage":"fr-FR","potentialAction":[{"@type":"ReadAction","target":["https:\/\/www.issekinicho.fr\/editions\/produit\/saru\/"]}]},{"@type":"ImageObject","inLanguage":"fr-FR","@id":"https:\/\/www.issekinicho.fr\/editions\/produit\/saru\/#primaryimage","url":"https:\/\/www.issekinicho.fr\/editions\/wp-content\/uploads\/2020\/09\/saru_ficheprod_lightbox.webp","contentUrl":"https:\/\/www.issekinicho.fr\/editions\/wp-content\/uploads\/2020\/09\/saru_ficheprod_lightbox.webp","width":1200,"height":1457,"caption":"Saru Singes du Japon - couverture du livre"},{"@type":"BreadcrumbList","@id":"https:\/\/www.issekinicho.fr\/editions\/produit\/saru\/#breadcrumb","itemListElement":[{"@type":"ListItem","position":1,"name":"Catalogue","item":"https:\/\/www.issekinicho.fr\/editions\/"},{"@type":"ListItem","position":2,"name":"Produits","item":"https:\/\/www.issekinicho.fr\/editions\/shop\/"},{"@type":"ListItem","position":3,"name":"Saru"}]},{"@type":"WebSite","@id":"https:\/\/www.issekinicho.fr\/editions\/#website","url":"https:\/\/www.issekinicho.fr\/editions\/","name":"Editions Issekinicho","description":"Livres jeunesse, BD et guides sur le Japon","publisher":{"@id":"https:\/\/www.issekinicho.fr\/editions\/#organization"},"potentialAction":[{"@type":"SearchAction","target":{"@type":"EntryPoint","urlTemplate":"https:\/\/www.issekinicho.fr\/editions\/?s={search_term_string}"},"query-input":{"@type":"PropertyValueSpecification","valueRequired":true,"valueName":"search_term_string"}}],"inLanguage":"fr-FR"},{"@type":"Organization","@id":"https:\/\/www.issekinicho.fr\/editions\/#organization","name":"Editions ISSEKINICHO","url":"https:\/\/www.issekinicho.fr\/editions\/","logo":{"@type":"ImageObject","inLanguage":"fr-FR","@id":"https:\/\/www.issekinicho.fr\/editions\/#\/schema\/logo\/image\/","url":"https:\/\/www.issekinicho.fr\/editions\/wp-content\/uploads\/2013\/07\/logo_v3_01_vignette.webp","contentUrl":"https:\/\/www.issekinicho.fr\/editions\/wp-content\/uploads\/2013\/07\/logo_v3_01_vignette.webp","width":74,"height":100,"caption":"Editions ISSEKINICHO"},"image":{"@id":"https:\/\/www.issekinicho.fr\/editions\/#\/schema\/logo\/image\/"},"sameAs":["https:\/\/www.facebook.com\/issekinicho\/","https:\/\/x.com\/Isseki_nicho","https:\/\/www.instagram.com\/isseki_nicho\/","https:\/\/fr.pinterest.com\/issekinicho\/","https:\/\/www.youtube.com\/user\/issekinicho"]}]}},"_links":{"self":[{"href":"https:\/\/www.issekinicho.fr\/editions\/wp-json\/wp\/v2\/product\/5058","targetHints":{"allow":["GET"]}}],"collection":[{"href":"https:\/\/www.issekinicho.fr\/editions\/wp-json\/wp\/v2\/product"}],"about":[{"href":"https:\/\/www.issekinicho.fr\/editions\/wp-json\/wp\/v2\/types\/product"}],"version-history":[{"count":0,"href":"https:\/\/www.issekinicho.fr\/editions\/wp-json\/wp\/v2\/product\/5058\/revisions"}],"wp:featuredmedia":[{"embeddable":true,"href":"https:\/\/www.issekinicho.fr\/editions\/wp-json\/wp\/v2\/media\/11198"}],"wp:attachment":[{"href":"https:\/\/www.issekinicho.fr\/editions\/wp-json\/wp\/v2\/media?parent=5058"}],"wp:term":[{"taxonomy":"product_brand","embeddable":true,"href":"https:\/\/www.issekinicho.fr\/editions\/wp-json\/wp\/v2\/product_brand?post=5058"},{"taxonomy":"product_cat","embeddable":true,"href":"https:\/\/www.issekinicho.fr\/editions\/wp-json\/wp\/v2\/product_cat?post=5058"},{"taxonomy":"product_tag","embeddable":true,"href":"https:\/\/www.issekinicho.fr\/editions\/wp-json\/wp\/v2\/product_tag?post=5058"}],"curies":[{"name":"wp","href":"https:\/\/api.w.org\/{rel}","templated":true}]}}