{"id":4291,"date":"2015-06-15T07:00:24","date_gmt":"2015-06-15T05:00:24","guid":{"rendered":"https:\/\/www.issekinicho.fr\/editions\/?post_type=product&#038;p=4291"},"modified":"2026-01-21T11:44:12","modified_gmt":"2026-01-21T10:44:12","slug":"kokekokko-2","status":"publish","type":"product","link":"https:\/\/www.issekinicho.fr\/editions\/produit\/kokekokko-2\/","title":{"rendered":"Kokekokko !"},"content":{"rendered":"<div class=\"_df_book df-lite\" id=\"df_10525\"  _slug=\"kokekokko-16vues-du-japon-ex\" data-title=\"kokekokko-16-vues-du-japon-ex\" wpoptions=\"true\" thumb=\"https:\/\/www.issekinicho.fr\/editions\/wp-content\/uploads\/2019\/11\/vignette_kokekokko.webp\" thumbtype=\"img\" ><\/div><script class=\"df-shortcode-script\" nowprocket type=\"application\/javascript\">window.option_df_10525 = {\"outline\":[],\"autoEnableOutline\":\"false\",\"autoEnableThumbnail\":\"false\",\"overwritePDFOutline\":\"false\",\"direction\":\"1\",\"pageMode\":\"0\",\"autoPlay\":\"true\",\"autoPlayStart\":\"true\",\"source\":\"https:\\\/\\\/www.issekinicho.fr\\\/editions\\\/wp-content\\\/uploads\\\/2019\\\/11\\\/kokekokko_extrait.pdf\",\"wpOptions\":\"true\"}; if(window.DFLIP && window.DFLIP.parseBooks){window.DFLIP.parseBooks();}<\/script>\n<p>&nbsp;<\/p>\n<p>320 pages couleur<br \/>\n<strong>Format :<\/strong>\u00a017 cm x 24 cm<br \/>\n<strong>Papier :<\/strong>\u00a0G-print 130g<br \/>\n<strong>Couverture :<\/strong>\u00a0souple 350g, pelliculage mat<br \/>\nReliure cousue<\/p>\n<p><strong>ISBN :<\/strong>\u00a0978-2-954397-00-7<\/p>\n<p>&nbsp;<\/p>\n<p><a href=\"https:\/\/www.issekinicho.fr\/editions\/wp-content\/uploads\/2015\/09\/DSF7196.webp\"><img decoding=\"async\" class=\"aligncenter wp-image-4369 size-full\" src=\"https:\/\/www.issekinicho.fr\/editions\/wp-content\/uploads\/2015\/09\/DSF7196.webp\" alt=\"kokekokko, livre, bd, japon\" width=\"735\" height=\"490\" srcset=\"https:\/\/www.issekinicho.fr\/editions\/wp-content\/uploads\/2015\/09\/DSF7196.webp 735w, https:\/\/www.issekinicho.fr\/editions\/wp-content\/uploads\/2015\/09\/DSF7196-600x400.webp 600w\" sizes=\"(max-width: 735px) 100vw, 735px\" \/><\/a><\/p>\n<p><a href=\"https:\/\/www.issekinicho.fr\/editions\/wp-content\/uploads\/2015\/09\/DSF7201.webp\"><img decoding=\"async\" class=\"wp-image-4371 size-full aligncenter\" src=\"https:\/\/www.issekinicho.fr\/editions\/wp-content\/uploads\/2015\/09\/DSF7201.webp\" alt=\"kokekokko, livre, bd, japon\" width=\"735\" height=\"490\" srcset=\"https:\/\/www.issekinicho.fr\/editions\/wp-content\/uploads\/2015\/09\/DSF7201.webp 735w, https:\/\/www.issekinicho.fr\/editions\/wp-content\/uploads\/2015\/09\/DSF7201-600x400.webp 600w\" sizes=\"(max-width: 735px) 100vw, 735px\" \/><\/a><\/p>\n<p><a href=\"https:\/\/www.issekinicho.fr\/editions\/wp-content\/uploads\/2015\/09\/DSF7200.webp\"><img decoding=\"async\" class=\"wp-image-4370 size-full aligncenter\" src=\"https:\/\/www.issekinicho.fr\/editions\/wp-content\/uploads\/2015\/09\/DSF7200.webp\" alt=\"kokekokko, livre, bd, japon\" width=\"735\" height=\"490\" srcset=\"https:\/\/www.issekinicho.fr\/editions\/wp-content\/uploads\/2015\/09\/DSF7200.webp 735w, https:\/\/www.issekinicho.fr\/editions\/wp-content\/uploads\/2015\/09\/DSF7200-600x400.webp 600w\" sizes=\"(max-width: 735px) 100vw, 735px\" \/><\/a><\/p>\n<p><a href=\"https:\/\/www.issekinicho.fr\/editions\/wp-content\/uploads\/2015\/09\/DSF7204.webp\"><img decoding=\"async\" class=\"wp-image-4372 size-full aligncenter\" src=\"https:\/\/www.issekinicho.fr\/editions\/wp-content\/uploads\/2015\/09\/DSF7204.webp\" alt=\"kokekokko, livre, bd, japon\" width=\"735\" height=\"490\" srcset=\"https:\/\/www.issekinicho.fr\/editions\/wp-content\/uploads\/2015\/09\/DSF7204.webp 735w, https:\/\/www.issekinicho.fr\/editions\/wp-content\/uploads\/2015\/09\/DSF7204-600x400.webp 600w\" sizes=\"(max-width: 735px) 100vw, 735px\" \/><\/a><\/p>\n<p><a href=\"https:\/\/www.issekinicho.fr\/editions\/wp-content\/uploads\/2015\/09\/DSF7206.webp\"><img decoding=\"async\" class=\"wp-image-4373 size-full aligncenter\" src=\"https:\/\/www.issekinicho.fr\/editions\/wp-content\/uploads\/2015\/09\/DSF7206.webp\" alt=\"kokekokko, livre, bd, japon\" width=\"735\" height=\"490\" srcset=\"https:\/\/www.issekinicho.fr\/editions\/wp-content\/uploads\/2015\/09\/DSF7206.webp 735w, https:\/\/www.issekinicho.fr\/editions\/wp-content\/uploads\/2015\/09\/DSF7206-600x400.webp 600w\" sizes=\"(max-width: 735px) 100vw, 735px\" \/><\/a><\/p>\n<p>&nbsp;<\/p>\n<div title=\"Page 2\">\n<p style=\"text-align: center;\"><span style=\"font-size: large;\"><strong>Les Auteurs<\/strong><\/span><\/p>\n<\/div>\n<p><strong>\u2716 R\u00e9mi Mayn\u00e8gre<\/strong><br \/>\nAuteur des r\u00e9cits illustr\u00e9s :<br \/>\n<a href=\"http:\/\/www.amazon.fr\/gp\/product\/2359470175?ie=UTF8&amp;camp=1642&amp;creativeASIN=2359470175&amp;linkCode=xm2&amp;tag=delphinevaufr-21\" target=\"_blank\" rel=\"noopener noreferrer\">Voyage au Japon-Tome 1<\/a>\u00a0\/\/<br \/>\n<a href=\"http:\/\/www.amazon.fr\/gp\/product\/2359470469?ie=UTF8&amp;camp=1642&amp;creativeASIN=2359470469&amp;linkCode=xm2&amp;tag=delphinevaufr-21\" target=\"_blank\" rel=\"noopener noreferrer\">Voyage au Japon-Tome 2<\/a><\/p>\n<p><strong>\u2716 Yllya<\/strong><br \/>\nIllustratrice de la s\u00e9rie BD :<br \/>\n<a href=\"http:\/\/www.amazon.fr\/gp\/product\/2749304873?ie=UTF8&amp;camp=1642&amp;creativeASIN=2749304873&amp;linkCode=xm2&amp;tag=delphinevaufr-21\" target=\"_blank\" rel=\"noopener noreferrer\">Marie-Lune<\/a><\/p>\n<p><strong>\u2716 Cyrielle<\/strong><br \/>\nAuteur de la s\u00e9rie BD :\u00a0<a href=\"http:\/\/www.amazon.fr\/gp\/product\/2822200203?ie=UTF8&amp;camp=1642&amp;creativeASIN=2822200203&amp;linkCode=xm2&amp;tag=delphinevaufr-21\" target=\"_blank\" rel=\"noopener noreferrer\">Akiko<\/a><br \/>\nIllustratrice de la BD :\u00a0<a href=\"http:\/\/www.amazon.fr\/gp\/product\/2505009139?ie=UTF8&amp;camp=1642&amp;creativeASIN=2505009139&amp;linkCode=xm2&amp;tag=delphinevaufr-21\" target=\"_blank\" rel=\"noopener noreferrer\">Tokyo Home<\/a><\/p>\n<p><strong>\u2716 Florent Chavouet<\/strong><br \/>\nAuteur des BD :<br \/>\n<a href=\"http:\/\/www.amazon.fr\/gp\/product\/2809700761?ie=UTF8&amp;camp=1642&amp;creativeASIN=2809700761&amp;linkCode=xm2&amp;tag=delphinevaufr-21\" target=\"_blank\" rel=\"noopener noreferrer\">Tokyo Sanpo<\/a>\u00a0\/\/<br \/>\n<a href=\"http:\/\/www.amazon.fr\/gp\/product\/2809702136?ie=UTF8&amp;camp=1642&amp;creativeASIN=2809702136&amp;linkCode=xm2&amp;tag=delphinevaufr-21\" target=\"_blank\" rel=\"noopener noreferrer\">Manab\u00e9 Shima<\/a><\/p>\n<p><strong>\u2716 Remka<\/strong><br \/>\nIllustrateur et auteur du blog\u00a0<a href=\"http:\/\/sucresucre.com\/\" target=\"_blank\" rel=\"noopener noreferrer\">Sucre<\/a><\/p>\n<p><strong>\u2716 Yatuu<\/strong><br \/>\nAuteur des BD :<br \/>\n<a href=\"http:\/\/www.amazon.fr\/gp\/product\/2356483063?ie=UTF8&amp;camp=1642&amp;creativeASIN=2356483063&amp;linkCode=xm2&amp;tag=delphinevaufr-21\" target=\"_blank\" rel=\"noopener noreferrer\">Moi, 20 ans, dipl\u00f4m\u00e9e, motiv\u00e9e\u2026 exploit\u00e9e !<\/a>\u00a0\/\/<br \/>\n<a href=\"http:\/\/www.amazon.fr\/gp\/product\/2356483942?ie=UTF8&amp;camp=1642&amp;creativeASIN=2356483942&amp;linkCode=xm2&amp;tag=delphinevaufr-21\" target=\"_blank\" rel=\"noopener noreferrer\">G\u00e9n\u00e9ration mal-log\u00e9e<\/a>\u00a0\/\/<br \/>\n<a href=\"http:\/\/www.amazon.fr\/gp\/product\/2756052337?ie=UTF8&amp;camp=1642&amp;creativeASIN=2756052337&amp;linkCode=xm2&amp;tag=delphinevaufr-21\" target=\"_blank\" rel=\"noopener noreferrer\">H\u00e9 ! Mademoiselle !<\/a><\/p>\n<p><strong>\u2716 Jib\u00e9<\/strong><br \/>\nAuteur des BD :<br \/>\n<a href=\"http:\/\/omakebooks.com\/home\/38-basse-def-bd-pixel-art.html\" target=\"_blank\" rel=\"noopener noreferrer\">Basse def<\/a>\u00a0\/\/<br \/>\n<a href=\"http:\/\/www.amazon.fr\/gp\/product\/2501063961?ie=UTF8&amp;camp=1642&amp;creativeASIN=2501063961&amp;linkCode=xm2&amp;tag=delphinevaufr-21\" target=\"_blank\" rel=\"noopener noreferrer\">Sans emploi<\/a>\u00a0\/\/<br \/>\n<a href=\"http:\/\/www.amazon.fr\/gp\/product\/2501074815?ie=UTF8&amp;camp=1642&amp;creativeASIN=2501074815&amp;linkCode=xm2&amp;tag=delphinevaufr-21\" target=\"_blank\" rel=\"noopener noreferrer\">Marche ou r\u00eave<\/a><\/p>\n<p><strong>\u2716 Priscilla Moore<\/strong><br \/>\nIllustratrice, Auteur du livre :<br \/>\n<a href=\"http:\/\/www.amazon.fr\/gp\/product\/B00DIDB1JA?ie=UTF8&amp;camp=1642&amp;creativeASIN=B00DIDB1JA&amp;linkCode=xm2&amp;tag=delphinevaufr-21\" target=\"_blank\" rel=\"noopener noreferrer\">F\u00eates et l\u00e9gendes \u00e0 Kyoto<\/a><\/p>\n<p><strong>\u2716 Dreamy<\/strong><br \/>\nAuteur du blog \u00ab Nani-nani \u00bb<br \/>\nIllustratrice du livre\u00a0<a href=\"http:\/\/www.amazon.fr\/gp\/product\/2359104314?ie=UTF8&amp;camp=1642&amp;creativeASIN=2359104314&amp;linkCode=xm2&amp;tag=delphinevaufr-21\" target=\"_blank\" rel=\"noopener noreferrer\">Nathalie Cookbook<\/a><\/p>\n<p><strong>\u2716 Julie Blanchin<\/strong><br \/>\nAuteur des BD :<br \/>\nLe chant du Paypayo \/\/<br \/>\n<a href=\"http:\/\/www.amazon.fr\/gp\/product\/2759200418?ie=UTF8&amp;camp=1642&amp;creativeASIN=2759200418&amp;linkCode=xm2&amp;tag=delphinevaufr-21\" target=\"_blank\" rel=\"noopener noreferrer\">Terre rouge<\/a><br \/>\nSon site :\u00a0<a href=\"http:\/\/www.julieblanchin.com\" target=\"_blank\" rel=\"noopener noreferrer\">julieblanchin.com<\/a><br \/>\n<a href=\"https:\/\/www.facebook.com\/julieblanchinbox\">Sa page Facebook\u00a0<\/a><\/p>\n<p><strong>\u2716 Sylvie Bessard<\/strong><br \/>\nIllustratrice jeunesse<br \/>\nSon site :\u00a0<a href=\"http:\/\/sylvie-bessard.com\" target=\"_blank\" rel=\"noopener noreferrer\">sylvie-bessard.com<\/a><br \/>\nIllustratrice des livres :\u00a0<a href=\"http:\/\/www.amazon.fr\/gp\/product\/2745959557\/ref=as_li_qf_sp_asin_il_tl?ie=UTF8&amp;camp=1642&amp;creative=6746&amp;creativeASIN=2745959557&amp;linkCode=as2&amp;tag=delphinevaufr-21&amp;linkId=VXZR4LJZSDLMFV5M\" target=\"_blank\" rel=\"noopener noreferrer\">Paris<\/a>\u00a0\/\/\u00a0<a href=\"http:\/\/www.amazon.fr\/gp\/product\/2745959239\/ref=as_li_qf_sp_asin_il_tl?ie=UTF8&amp;camp=1642&amp;creative=6746&amp;creativeASIN=2745959239&amp;linkCode=as2&amp;tag=delphinevaufr-21&amp;linkId=XO6SU5KQ2HE7BA7D\" target=\"_blank\" rel=\"noopener noreferrer\">Les petites b\u00eates<\/a>\u00a0&#8211; \u00c9ditions Milan<\/p>\n<p><strong>\u2716 Martin Faynot<\/strong><br \/>\nIllustrateur et pr\u00e9sentateur pour la cha\u00eene japonaise NHK<br \/>\nSite :\u00a0<a href=\"http:\/\/www.cafemarutan.com\/\" target=\"_blank\" rel=\"noopener noreferrer\">Cafe Marutan<\/a><\/p>\n<p><strong>\u2716 Nini Wanted<\/strong><br \/>\nIllustratrice<br \/>\nAuteur du blog\u00a0<a href=\"http:\/\/nini-wanted.blogspot.fr\/\" target=\"_blank\" rel=\"noopener noreferrer\">Nini Wanted<\/a><\/p>\n<p><strong>\u2716 Ulysse Malassagne<\/strong><br \/>\nAuteur, illustrateur et animateur.<br \/>\nAuteur des BD :\u00a0<a href=\"http:\/\/www.amazon.fr\/gp\/product\/2359104276\/ref=as_li_qf_sp_asin_il_tl?ie=UTF8&amp;camp=1642&amp;creative=6746&amp;creativeASIN=2359104276&amp;linkCode=as2&amp;tag=delphinevaufr-21&amp;linkId=QJLNZWUKMV3IPWRC\" target=\"_blank\" rel=\"noopener noreferrer\">Kairos<\/a>\u00a0\/\/\u00a0<a href=\"http:\/\/www.amazon.fr\/gp\/product\/2723491692\/ref=as_li_qf_sp_asin_il_tl?ie=UTF8&amp;camp=1642&amp;creative=6746&amp;creativeASIN=2723491692&amp;linkCode=as2&amp;tag=delphinevaufr-21&amp;linkId=UO6DSVLZR34K3BXA\" target=\"_blank\" rel=\"noopener noreferrer\">Jade<\/a><\/p>\n","protected":false},"excerpt":{"rendered":"<h3 style=\"text-align: center;\">16 auteurs fran\u00e7ais,<br \/>\n16 exp\u00e9riences du Japon !<\/h3>\n<p>Qu\u2019ils soient expatri\u00e9s de longue date ou partis quelques semaines \u00e0 la d\u00e9couverte du pays du soleil levant, ils vous entraineront au fil de ces 320 pages de bandes dessin\u00e9es o\u00f9 se m\u00ealent r\u00e9cits de voyages, rencontres insolites et vie quotidienne (bien loin d\u2019\u00eatre zen et de tout repos !).<\/p>\n<p><em><strong>Auteurs :<\/strong><br \/>\n<span style=\"font-size: 13px;\">R\u00e9mi Mayn\u00e8gre, Yllya, Cyrielle, <\/span><span style=\"font-size: 13px;\">Florent Chavouet, Remka, <\/span><span style=\"font-size: small;\">Yatuu, <\/span><span style=\"font-size: 13px;\">Jib\u00e9, Alexandre Bonnefoy, Delphine Vaufrey, Priscilla Moore, Dreamy, <\/span><span style=\"font-size: 13px;\">Julie Blanchin, <\/span><span style=\"font-size: 13px;\">Sylvie Bessard, <\/span><span style=\"font-size: 13px;\">Martin Faynot, Nini Wanted, Ulysse Malassagne.<\/span><\/em><\/p>\n<hr \/>\n<p>Vous pouvez aussi retrouver ce livre :<br \/>\n&gt; <a href=\"https:\/\/www.placedeslibraires.fr\/livre\/9791095397212-kokekokko-16-vues-du-japon-florent-chavouet-niniwanted\/\" target=\"_blank\" rel=\"noopener\">Chez votre libraire<\/a><\/p>\n","protected":false},"featured_media":11196,"template":"","meta":[],"product_brand":[],"product_cat":[23,78],"product_tag":[],"class_list":{"0":"post-4291","1":"product","2":"type-product","3":"status-publish","4":"has-post-thumbnail","6":"product_cat-livres","7":"product_cat-bd","9":"first","10":"instock","11":"taxable","12":"shipping-taxable","13":"purchasable","14":"product-type-simple"},"yoast_head":"<!-- This site is optimized with the Yoast SEO plugin v27.4 - https:\/\/yoast.com\/product\/yoast-seo-wordpress\/ -->\n<title>Kokekokko ! &#8226; Editions Issekinicho<\/title>\n<meta name=\"description\" content=\"16 auteurs et illustrateurs fran\u00e7ais vous emm\u00e8nent en BD et illustrations \u00e0 la d\u00e9couverte du pays du soleil levant.\" \/>\n<meta name=\"robots\" content=\"index, follow, max-snippet:-1, max-image-preview:large, max-video-preview:-1\" \/>\n<link rel=\"canonical\" href=\"https:\/\/www.issekinicho.fr\/editions\/produit\/kokekokko-2\/\" \/>\n<meta property=\"og:locale\" content=\"fr_FR\" \/>\n<meta property=\"og:type\" content=\"article\" \/>\n<meta property=\"og:title\" content=\"Kokekokko ! &#8226; Editions Issekinicho\" \/>\n<meta property=\"og:description\" content=\"16 auteurs et illustrateurs fran\u00e7ais vous emm\u00e8nent en BD et illustrations \u00e0 la d\u00e9couverte du pays du soleil levant.\" \/>\n<meta property=\"og:url\" content=\"https:\/\/www.issekinicho.fr\/editions\/produit\/kokekokko-2\/\" \/>\n<meta property=\"og:site_name\" content=\"Editions Issekinicho\" \/>\n<meta property=\"article:publisher\" content=\"https:\/\/www.facebook.com\/issekinicho\/\" \/>\n<meta property=\"article:modified_time\" content=\"2026-01-21T10:44:12+00:00\" \/>\n<meta property=\"og:image\" content=\"https:\/\/www.issekinicho.fr\/editions\/wp-content\/uploads\/2020\/09\/kokekokko_ficheprod_lightbox.webp\" \/>\n\t<meta property=\"og:image:width\" content=\"1200\" \/>\n\t<meta property=\"og:image:height\" content=\"1457\" \/>\n\t<meta property=\"og:image:type\" content=\"image\/jpeg\" \/>\n<meta name=\"twitter:card\" content=\"summary_large_image\" \/>\n<meta name=\"twitter:site\" content=\"@Isseki_nicho\" \/>\n<meta name=\"twitter:label1\" content=\"Dur\u00e9e de lecture estim\u00e9e\" \/>\n\t<meta name=\"twitter:data1\" content=\"3 minutes\" \/>\n<script type=\"application\/ld+json\" class=\"yoast-schema-graph\">{\"@context\":\"https:\\\/\\\/schema.org\",\"@graph\":[{\"@type\":\"WebPage\",\"@id\":\"https:\\\/\\\/www.issekinicho.fr\\\/editions\\\/produit\\\/kokekokko-2\\\/\",\"url\":\"https:\\\/\\\/www.issekinicho.fr\\\/editions\\\/produit\\\/kokekokko-2\\\/\",\"name\":\"Kokekokko ! &#8226; Editions Issekinicho\",\"isPartOf\":{\"@id\":\"https:\\\/\\\/www.issekinicho.fr\\\/editions\\\/#website\"},\"primaryImageOfPage\":{\"@id\":\"https:\\\/\\\/www.issekinicho.fr\\\/editions\\\/produit\\\/kokekokko-2\\\/#primaryimage\"},\"image\":{\"@id\":\"https:\\\/\\\/www.issekinicho.fr\\\/editions\\\/produit\\\/kokekokko-2\\\/#primaryimage\"},\"thumbnailUrl\":\"https:\\\/\\\/www.issekinicho.fr\\\/editions\\\/wp-content\\\/uploads\\\/2020\\\/09\\\/kokekokko_ficheprod_lightbox.webp\",\"datePublished\":\"2015-06-15T05:00:24+00:00\",\"dateModified\":\"2026-01-21T10:44:12+00:00\",\"description\":\"16 auteurs et illustrateurs fran\u00e7ais vous emm\u00e8nent en BD et illustrations \u00e0 la d\u00e9couverte du pays du soleil levant.\",\"breadcrumb\":{\"@id\":\"https:\\\/\\\/www.issekinicho.fr\\\/editions\\\/produit\\\/kokekokko-2\\\/#breadcrumb\"},\"inLanguage\":\"fr-FR\",\"potentialAction\":[{\"@type\":\"ReadAction\",\"target\":[\"https:\\\/\\\/www.issekinicho.fr\\\/editions\\\/produit\\\/kokekokko-2\\\/\"]}]},{\"@type\":\"ImageObject\",\"inLanguage\":\"fr-FR\",\"@id\":\"https:\\\/\\\/www.issekinicho.fr\\\/editions\\\/produit\\\/kokekokko-2\\\/#primaryimage\",\"url\":\"https:\\\/\\\/www.issekinicho.fr\\\/editions\\\/wp-content\\\/uploads\\\/2020\\\/09\\\/kokekokko_ficheprod_lightbox.webp\",\"contentUrl\":\"https:\\\/\\\/www.issekinicho.fr\\\/editions\\\/wp-content\\\/uploads\\\/2020\\\/09\\\/kokekokko_ficheprod_lightbox.webp\",\"width\":1200,\"height\":1457,\"caption\":\"couverture d'une bande-dessin\u00e9e sur le Japon\"},{\"@type\":\"BreadcrumbList\",\"@id\":\"https:\\\/\\\/www.issekinicho.fr\\\/editions\\\/produit\\\/kokekokko-2\\\/#breadcrumb\",\"itemListElement\":[{\"@type\":\"ListItem\",\"position\":1,\"name\":\"Catalogue\",\"item\":\"https:\\\/\\\/www.issekinicho.fr\\\/editions\\\/\"},{\"@type\":\"ListItem\",\"position\":2,\"name\":\"Produits\",\"item\":\"https:\\\/\\\/www.issekinicho.fr\\\/editions\\\/shop\\\/\"},{\"@type\":\"ListItem\",\"position\":3,\"name\":\"Kokekokko !\"}]},{\"@type\":\"WebSite\",\"@id\":\"https:\\\/\\\/www.issekinicho.fr\\\/editions\\\/#website\",\"url\":\"https:\\\/\\\/www.issekinicho.fr\\\/editions\\\/\",\"name\":\"Editions Issekinicho\",\"description\":\"Livres jeunesse, BD et guides sur le Japon\",\"publisher\":{\"@id\":\"https:\\\/\\\/www.issekinicho.fr\\\/editions\\\/#organization\"},\"potentialAction\":[{\"@type\":\"SearchAction\",\"target\":{\"@type\":\"EntryPoint\",\"urlTemplate\":\"https:\\\/\\\/www.issekinicho.fr\\\/editions\\\/?s={search_term_string}\"},\"query-input\":{\"@type\":\"PropertyValueSpecification\",\"valueRequired\":true,\"valueName\":\"search_term_string\"}}],\"inLanguage\":\"fr-FR\"},{\"@type\":\"Organization\",\"@id\":\"https:\\\/\\\/www.issekinicho.fr\\\/editions\\\/#organization\",\"name\":\"Editions ISSEKINICHO\",\"url\":\"https:\\\/\\\/www.issekinicho.fr\\\/editions\\\/\",\"logo\":{\"@type\":\"ImageObject\",\"inLanguage\":\"fr-FR\",\"@id\":\"https:\\\/\\\/www.issekinicho.fr\\\/editions\\\/#\\\/schema\\\/logo\\\/image\\\/\",\"url\":\"https:\\\/\\\/www.issekinicho.fr\\\/editions\\\/wp-content\\\/uploads\\\/2013\\\/07\\\/logo_v3_01_vignette.webp\",\"contentUrl\":\"https:\\\/\\\/www.issekinicho.fr\\\/editions\\\/wp-content\\\/uploads\\\/2013\\\/07\\\/logo_v3_01_vignette.webp\",\"width\":74,\"height\":100,\"caption\":\"Editions ISSEKINICHO\"},\"image\":{\"@id\":\"https:\\\/\\\/www.issekinicho.fr\\\/editions\\\/#\\\/schema\\\/logo\\\/image\\\/\"},\"sameAs\":[\"https:\\\/\\\/www.facebook.com\\\/issekinicho\\\/\",\"https:\\\/\\\/x.com\\\/Isseki_nicho\",\"https:\\\/\\\/www.instagram.com\\\/isseki_nicho\\\/\",\"https:\\\/\\\/fr.pinterest.com\\\/issekinicho\\\/\",\"https:\\\/\\\/www.youtube.com\\\/user\\\/issekinicho\"]}]}<\/script>\n<!-- \/ Yoast SEO plugin. -->","yoast_head_json":{"title":"Kokekokko ! &#8226; Editions Issekinicho","description":"16 auteurs et illustrateurs fran\u00e7ais vous emm\u00e8nent en BD et illustrations \u00e0 la d\u00e9couverte du pays du soleil levant.","robots":{"index":"index","follow":"follow","max-snippet":"max-snippet:-1","max-image-preview":"max-image-preview:large","max-video-preview":"max-video-preview:-1"},"canonical":"https:\/\/www.issekinicho.fr\/editions\/produit\/kokekokko-2\/","og_locale":"fr_FR","og_type":"article","og_title":"Kokekokko ! &#8226; Editions Issekinicho","og_description":"16 auteurs et illustrateurs fran\u00e7ais vous emm\u00e8nent en BD et illustrations \u00e0 la d\u00e9couverte du pays du soleil levant.","og_url":"https:\/\/www.issekinicho.fr\/editions\/produit\/kokekokko-2\/","og_site_name":"Editions Issekinicho","article_publisher":"https:\/\/www.facebook.com\/issekinicho\/","article_modified_time":"2026-01-21T10:44:12+00:00","og_image":[{"width":1200,"height":1457,"url":"https:\/\/www.issekinicho.fr\/editions\/wp-content\/uploads\/2020\/09\/kokekokko_ficheprod_lightbox.webp","type":"image\/jpeg"}],"twitter_card":"summary_large_image","twitter_site":"@Isseki_nicho","twitter_misc":{"Dur\u00e9e de lecture estim\u00e9e":"3 minutes"},"schema":{"@context":"https:\/\/schema.org","@graph":[{"@type":"WebPage","@id":"https:\/\/www.issekinicho.fr\/editions\/produit\/kokekokko-2\/","url":"https:\/\/www.issekinicho.fr\/editions\/produit\/kokekokko-2\/","name":"Kokekokko ! &#8226; Editions Issekinicho","isPartOf":{"@id":"https:\/\/www.issekinicho.fr\/editions\/#website"},"primaryImageOfPage":{"@id":"https:\/\/www.issekinicho.fr\/editions\/produit\/kokekokko-2\/#primaryimage"},"image":{"@id":"https:\/\/www.issekinicho.fr\/editions\/produit\/kokekokko-2\/#primaryimage"},"thumbnailUrl":"https:\/\/www.issekinicho.fr\/editions\/wp-content\/uploads\/2020\/09\/kokekokko_ficheprod_lightbox.webp","datePublished":"2015-06-15T05:00:24+00:00","dateModified":"2026-01-21T10:44:12+00:00","description":"16 auteurs et illustrateurs fran\u00e7ais vous emm\u00e8nent en BD et illustrations \u00e0 la d\u00e9couverte du pays du soleil levant.","breadcrumb":{"@id":"https:\/\/www.issekinicho.fr\/editions\/produit\/kokekokko-2\/#breadcrumb"},"inLanguage":"fr-FR","potentialAction":[{"@type":"ReadAction","target":["https:\/\/www.issekinicho.fr\/editions\/produit\/kokekokko-2\/"]}]},{"@type":"ImageObject","inLanguage":"fr-FR","@id":"https:\/\/www.issekinicho.fr\/editions\/produit\/kokekokko-2\/#primaryimage","url":"https:\/\/www.issekinicho.fr\/editions\/wp-content\/uploads\/2020\/09\/kokekokko_ficheprod_lightbox.webp","contentUrl":"https:\/\/www.issekinicho.fr\/editions\/wp-content\/uploads\/2020\/09\/kokekokko_ficheprod_lightbox.webp","width":1200,"height":1457,"caption":"couverture d'une bande-dessin\u00e9e sur le Japon"},{"@type":"BreadcrumbList","@id":"https:\/\/www.issekinicho.fr\/editions\/produit\/kokekokko-2\/#breadcrumb","itemListElement":[{"@type":"ListItem","position":1,"name":"Catalogue","item":"https:\/\/www.issekinicho.fr\/editions\/"},{"@type":"ListItem","position":2,"name":"Produits","item":"https:\/\/www.issekinicho.fr\/editions\/shop\/"},{"@type":"ListItem","position":3,"name":"Kokekokko !"}]},{"@type":"WebSite","@id":"https:\/\/www.issekinicho.fr\/editions\/#website","url":"https:\/\/www.issekinicho.fr\/editions\/","name":"Editions Issekinicho","description":"Livres jeunesse, BD et guides sur le Japon","publisher":{"@id":"https:\/\/www.issekinicho.fr\/editions\/#organization"},"potentialAction":[{"@type":"SearchAction","target":{"@type":"EntryPoint","urlTemplate":"https:\/\/www.issekinicho.fr\/editions\/?s={search_term_string}"},"query-input":{"@type":"PropertyValueSpecification","valueRequired":true,"valueName":"search_term_string"}}],"inLanguage":"fr-FR"},{"@type":"Organization","@id":"https:\/\/www.issekinicho.fr\/editions\/#organization","name":"Editions ISSEKINICHO","url":"https:\/\/www.issekinicho.fr\/editions\/","logo":{"@type":"ImageObject","inLanguage":"fr-FR","@id":"https:\/\/www.issekinicho.fr\/editions\/#\/schema\/logo\/image\/","url":"https:\/\/www.issekinicho.fr\/editions\/wp-content\/uploads\/2013\/07\/logo_v3_01_vignette.webp","contentUrl":"https:\/\/www.issekinicho.fr\/editions\/wp-content\/uploads\/2013\/07\/logo_v3_01_vignette.webp","width":74,"height":100,"caption":"Editions ISSEKINICHO"},"image":{"@id":"https:\/\/www.issekinicho.fr\/editions\/#\/schema\/logo\/image\/"},"sameAs":["https:\/\/www.facebook.com\/issekinicho\/","https:\/\/x.com\/Isseki_nicho","https:\/\/www.instagram.com\/isseki_nicho\/","https:\/\/fr.pinterest.com\/issekinicho\/","https:\/\/www.youtube.com\/user\/issekinicho"]}]}},"_links":{"self":[{"href":"https:\/\/www.issekinicho.fr\/editions\/wp-json\/wp\/v2\/product\/4291","targetHints":{"allow":["GET"]}}],"collection":[{"href":"https:\/\/www.issekinicho.fr\/editions\/wp-json\/wp\/v2\/product"}],"about":[{"href":"https:\/\/www.issekinicho.fr\/editions\/wp-json\/wp\/v2\/types\/product"}],"version-history":[{"count":0,"href":"https:\/\/www.issekinicho.fr\/editions\/wp-json\/wp\/v2\/product\/4291\/revisions"}],"wp:featuredmedia":[{"embeddable":true,"href":"https:\/\/www.issekinicho.fr\/editions\/wp-json\/wp\/v2\/media\/11196"}],"wp:attachment":[{"href":"https:\/\/www.issekinicho.fr\/editions\/wp-json\/wp\/v2\/media?parent=4291"}],"wp:term":[{"taxonomy":"product_brand","embeddable":true,"href":"https:\/\/www.issekinicho.fr\/editions\/wp-json\/wp\/v2\/product_brand?post=4291"},{"taxonomy":"product_cat","embeddable":true,"href":"https:\/\/www.issekinicho.fr\/editions\/wp-json\/wp\/v2\/product_cat?post=4291"},{"taxonomy":"product_tag","embeddable":true,"href":"https:\/\/www.issekinicho.fr\/editions\/wp-json\/wp\/v2\/product_tag?post=4291"}],"curies":[{"name":"wp","href":"https:\/\/api.w.org\/{rel}","templated":true}]}}