{"id":39,"date":"2014-04-10T10:10:19","date_gmt":"2014-04-10T08:10:19","guid":{"rendered":"https:\/\/www.issekinicho.fr\/editions\/?post_type=product&#038;p=39"},"modified":"2026-04-24T19:06:06","modified_gmt":"2026-04-24T17:06:06","slug":"neko-land-2","status":"publish","type":"product","link":"https:\/\/www.issekinicho.fr\/editions\/produit\/neko-land-2\/","title":{"rendered":"Neko Land"},"content":{"rendered":"<p style=\"text-align: center;\">Feuilletez un extrait !<\/p>\n<div class=\"_df_book df-lite\" id=\"df_10627\"  _slug=\"neko-land-une-vie-de-chat-au-japon-ex\" data-title=\"neko-land-une-vie-de-chat-au-japon-ex\" wpoptions=\"true\" thumb=\"https:\/\/www.issekinicho.fr\/editions\/wp-content\/uploads\/2019\/11\/vignette_nekoland.webp\" thumbtype=\"img\" ><\/div><script class=\"df-shortcode-script\" nowprocket type=\"application\/javascript\">window.option_df_10627 = {\"outline\":[],\"hard\":\"cover\",\"autoEnableOutline\":\"false\",\"autoEnableThumbnail\":\"false\",\"overwritePDFOutline\":\"false\",\"direction\":\"1\",\"pageMode\":\"0\",\"autoPlay\":\"true\",\"autoPlayStart\":\"true\",\"source\":\"https:\\\/\\\/www.issekinicho.fr\\\/editions\\\/wp-content\\\/uploads\\\/2019\\\/11\\\/nekoland_extrait.pdf\",\"wpOptions\":\"true\"}; if(window.DFLIP && window.DFLIP.parseBooks){window.DFLIP.parseBooks();}<\/script>\n<p>248 pages<br \/>\n<strong>Format :<\/strong> 19 cm x 24 cm ( \u00e0 l&rsquo;italienne )<br \/>\n<strong>Papier :<\/strong> Arctic Volume White &#8211; 130 gr<br \/>\n<strong>Couverture :<\/strong> cartonn\u00e9e, pelliculage mat avec vernis s\u00e9lectif<br \/>\nReliure cousue<\/p>\n<p><strong>ISBN :<\/strong> 978-2-9543125-4-5<\/p>\n<p>&nbsp;<\/p>\n<p><img decoding=\"async\" class=\"alignnone wp-image-913 size-full\" src=\"https:\/\/www.issekinicho.fr\/editions\/wp-content\/uploads\/2013\/07\/nekoland_livre_chat_japon-3.webp\" alt=\"chat Japon photographie animali\u00e8re\" width=\"735\" height=\"490\" srcset=\"https:\/\/www.issekinicho.fr\/editions\/wp-content\/uploads\/2013\/07\/nekoland_livre_chat_japon-3.webp 735w, https:\/\/www.issekinicho.fr\/editions\/wp-content\/uploads\/2013\/07\/nekoland_livre_chat_japon-3-600x400.webp 600w\" sizes=\"(max-width: 735px) 100vw, 735px\" \/> <img decoding=\"async\" class=\"alignnone wp-image-912 size-full\" src=\"https:\/\/www.issekinicho.fr\/editions\/wp-content\/uploads\/2013\/07\/nekoland_livre_chat_japon-2-2.webp\" alt=\"chats Japon livre photographie\" width=\"735\" height=\"490\" srcset=\"https:\/\/www.issekinicho.fr\/editions\/wp-content\/uploads\/2013\/07\/nekoland_livre_chat_japon-2-2.webp 735w, https:\/\/www.issekinicho.fr\/editions\/wp-content\/uploads\/2013\/07\/nekoland_livre_chat_japon-2-2-600x400.webp 600w\" sizes=\"(max-width: 735px) 100vw, 735px\" \/> <img decoding=\"async\" class=\"alignnone wp-image-911 size-full\" src=\"https:\/\/www.issekinicho.fr\/editions\/wp-content\/uploads\/2013\/07\/nekoland_livre_chat_japon-1-2.webp\" alt=\"chats Japon livre photographie animali\u00e8re\" width=\"735\" height=\"490\" srcset=\"https:\/\/www.issekinicho.fr\/editions\/wp-content\/uploads\/2013\/07\/nekoland_livre_chat_japon-1-2.webp 735w, https:\/\/www.issekinicho.fr\/editions\/wp-content\/uploads\/2013\/07\/nekoland_livre_chat_japon-1-2-600x400.webp 600w\" sizes=\"(max-width: 735px) 100vw, 735px\" \/><\/p>\n","protected":false},"excerpt":{"rendered":"<p><em>Textes et photographies : <strong>Alexandre Bonnefoy<\/strong><\/em><br \/>\n<em> Illustrations : <strong>Delphine Vaufrey<\/strong><\/em><\/p>\n<p>Au milieu de la jungle urbaine de Tokyo,\u00a0 au chaud dans un neko-caf\u00e9 caress\u00e9 toute la journ\u00e9e par les clients, dormant sur un tas de bois dans une cour de maison \u00e0 la campagne, attendant du poisson frais\u00a0sur le quai d\u2019un port de p\u00eache, d\u2019Okinawa \u00e0 Hokkaido, le chat est partout au Japon.\u00a0Dans ce livre de photographie animali\u00e8re urbaine, partez \u00e0 la rencontre de ces chats japonais.<\/p>\n<p style=\"text-align: center;\"><a href=\"https:\/\/www.amazon.fr\/gp\/product\/3943105334\/ref=as_li_qf_sp_asin_il_tl?ie=UTF8&amp;camp=1642&amp;creative=6746&amp;creativeASIN=3943105334&amp;linkCode=as2&amp;tag=delphinevaufr-21\" target=\"_blank\" rel=\"noopener noreferrer\"><img decoding=\"async\" class=\"wp-image-5590 size-full aligncenter\" src=\"https:\/\/www.issekinicho.fr\/editions\/wp-content\/uploads\/2014\/04\/drap_allemand.gif\" alt=\"drap_allemand\" width=\"31\" height=\"24\" \/><\/a><a href=\"https:\/\/www.amazon.fr\/gp\/product\/3943105334\/ref=as_li_qf_sp_asin_il_tl?ie=UTF8&amp;camp=1642&amp;creative=6746&amp;creativeASIN=3943105334&amp;linkCode=as2&amp;tag=delphinevaufr-21\"><em>En Allemand<\/em><\/a> \/ <a href=\"https:\/\/www.amazon.fr\/gp\/product\/3943105334\/ref=as_li_qf_sp_asin_il_tl?ie=UTF8&amp;camp=1642&amp;creative=6746&amp;creativeASIN=3943105334&amp;linkCode=as2&amp;tag=delphinevaufr-21\"><em>In deutsche Sprache<\/em><\/a><\/p>\n<hr \/>\n<p style=\"text-align: center;\"><span style=\"color: #d70726;\"><strong>TITRE INDISPONIBLE<\/strong><\/span><br \/>\n<strong>Pour \u00eatre tenu au courant<br \/>\nd&rsquo;une \u00e9ventuelle r\u00e9impression<\/strong><br \/>\n<strong>vous pouvez inscrire votre e-mail ci-dessous<br \/>\n<\/strong>[sibwp_form id=4]<strong><br \/>\n<\/strong><\/p>\n<p>&nbsp;<\/p>\n","protected":false},"featured_media":5332,"template":"","meta":[],"product_brand":[],"product_cat":[23,81,58],"product_tag":[],"class_list":{"0":"post-39","1":"product","2":"type-product","3":"status-publish","4":"has-post-thumbnail","6":"product_cat-livres","7":"product_cat-livres-photo","8":"product_cat-titres-epuises","10":"first","11":"outofstock","12":"taxable","13":"shipping-taxable","14":"purchasable","15":"product-type-simple"},"yoast_head":"<!-- This site is optimized with the Yoast SEO plugin v27.4 - https:\/\/yoast.com\/product\/yoast-seo-wordpress\/ -->\n<title>Neko Land &#8226; Photographie animali\u00e8re du Japon &#8226; Editions Issekinicho<\/title>\n<meta name=\"description\" content=\"Le chat est partout au Japon. Dans ce livre de photographie animali\u00e8re urbaine, partez \u00e0 la rencontre des chats \u00e0 travers tout le Japon.\" \/>\n<meta name=\"robots\" content=\"index, follow, max-snippet:-1, max-image-preview:large, max-video-preview:-1\" \/>\n<link rel=\"canonical\" href=\"https:\/\/www.issekinicho.fr\/editions\/produit\/neko-land-2\/\" \/>\n<meta property=\"og:locale\" content=\"fr_FR\" \/>\n<meta property=\"og:type\" content=\"article\" \/>\n<meta property=\"og:title\" content=\"Neko Land &#8226; Photographie animali\u00e8re du Japon &#8226; Editions Issekinicho\" \/>\n<meta property=\"og:description\" content=\"Le chat est partout au Japon. Dans ce livre de photographie animali\u00e8re urbaine, partez \u00e0 la rencontre des chats \u00e0 travers tout le Japon.\" \/>\n<meta property=\"og:url\" content=\"https:\/\/www.issekinicho.fr\/editions\/produit\/neko-land-2\/\" \/>\n<meta property=\"og:site_name\" content=\"Editions Issekinicho\" \/>\n<meta property=\"article:publisher\" content=\"https:\/\/www.facebook.com\/issekinicho\/\" \/>\n<meta property=\"article:modified_time\" content=\"2026-04-24T17:06:06+00:00\" \/>\n<meta property=\"og:image\" content=\"https:\/\/www.issekinicho.fr\/editions\/wp-content\/uploads\/2014\/04\/nekoland_cover.webp\" \/>\n\t<meta property=\"og:image:width\" content=\"500\" \/>\n\t<meta property=\"og:image:height\" content=\"600\" \/>\n\t<meta property=\"og:image:type\" content=\"image\/jpeg\" \/>\n<meta name=\"twitter:card\" content=\"summary_large_image\" \/>\n<meta name=\"twitter:site\" content=\"@Isseki_nicho\" \/>\n<meta name=\"twitter:label1\" content=\"Dur\u00e9e de lecture estim\u00e9e\" \/>\n\t<meta name=\"twitter:data1\" content=\"1 minute\" \/>\n<script type=\"application\/ld+json\" class=\"yoast-schema-graph\">{\"@context\":\"https:\\\/\\\/schema.org\",\"@graph\":[{\"@type\":\"WebPage\",\"@id\":\"https:\\\/\\\/www.issekinicho.fr\\\/editions\\\/produit\\\/neko-land-2\\\/\",\"url\":\"https:\\\/\\\/www.issekinicho.fr\\\/editions\\\/produit\\\/neko-land-2\\\/\",\"name\":\"Neko Land &#8226; Photographie animali\u00e8re du Japon &#8226; Editions Issekinicho\",\"isPartOf\":{\"@id\":\"https:\\\/\\\/www.issekinicho.fr\\\/editions\\\/#website\"},\"primaryImageOfPage\":{\"@id\":\"https:\\\/\\\/www.issekinicho.fr\\\/editions\\\/produit\\\/neko-land-2\\\/#primaryimage\"},\"image\":{\"@id\":\"https:\\\/\\\/www.issekinicho.fr\\\/editions\\\/produit\\\/neko-land-2\\\/#primaryimage\"},\"thumbnailUrl\":\"https:\\\/\\\/www.issekinicho.fr\\\/editions\\\/wp-content\\\/uploads\\\/2014\\\/04\\\/nekoland_cover.webp\",\"datePublished\":\"2014-04-10T08:10:19+00:00\",\"dateModified\":\"2026-04-24T17:06:06+00:00\",\"description\":\"Le chat est partout au Japon. Dans ce livre de photographie animali\u00e8re urbaine, partez \u00e0 la rencontre des chats \u00e0 travers tout le Japon.\",\"breadcrumb\":{\"@id\":\"https:\\\/\\\/www.issekinicho.fr\\\/editions\\\/produit\\\/neko-land-2\\\/#breadcrumb\"},\"inLanguage\":\"fr-FR\",\"potentialAction\":[{\"@type\":\"ReadAction\",\"target\":[\"https:\\\/\\\/www.issekinicho.fr\\\/editions\\\/produit\\\/neko-land-2\\\/\"]}]},{\"@type\":\"ImageObject\",\"inLanguage\":\"fr-FR\",\"@id\":\"https:\\\/\\\/www.issekinicho.fr\\\/editions\\\/produit\\\/neko-land-2\\\/#primaryimage\",\"url\":\"https:\\\/\\\/www.issekinicho.fr\\\/editions\\\/wp-content\\\/uploads\\\/2014\\\/04\\\/nekoland_cover.webp\",\"contentUrl\":\"https:\\\/\\\/www.issekinicho.fr\\\/editions\\\/wp-content\\\/uploads\\\/2014\\\/04\\\/nekoland_cover.webp\",\"width\":500,\"height\":600,\"caption\":\"couverture d'un livre de photos sur les chats\"},{\"@type\":\"BreadcrumbList\",\"@id\":\"https:\\\/\\\/www.issekinicho.fr\\\/editions\\\/produit\\\/neko-land-2\\\/#breadcrumb\",\"itemListElement\":[{\"@type\":\"ListItem\",\"position\":1,\"name\":\"Catalogue\",\"item\":\"https:\\\/\\\/www.issekinicho.fr\\\/editions\\\/\"},{\"@type\":\"ListItem\",\"position\":2,\"name\":\"Produits\",\"item\":\"https:\\\/\\\/www.issekinicho.fr\\\/editions\\\/shop\\\/\"},{\"@type\":\"ListItem\",\"position\":3,\"name\":\"Neko Land\"}]},{\"@type\":\"WebSite\",\"@id\":\"https:\\\/\\\/www.issekinicho.fr\\\/editions\\\/#website\",\"url\":\"https:\\\/\\\/www.issekinicho.fr\\\/editions\\\/\",\"name\":\"Editions Issekinicho\",\"description\":\"Livres jeunesse, BD et guides sur le Japon\",\"publisher\":{\"@id\":\"https:\\\/\\\/www.issekinicho.fr\\\/editions\\\/#organization\"},\"potentialAction\":[{\"@type\":\"SearchAction\",\"target\":{\"@type\":\"EntryPoint\",\"urlTemplate\":\"https:\\\/\\\/www.issekinicho.fr\\\/editions\\\/?s={search_term_string}\"},\"query-input\":{\"@type\":\"PropertyValueSpecification\",\"valueRequired\":true,\"valueName\":\"search_term_string\"}}],\"inLanguage\":\"fr-FR\"},{\"@type\":\"Organization\",\"@id\":\"https:\\\/\\\/www.issekinicho.fr\\\/editions\\\/#organization\",\"name\":\"Editions ISSEKINICHO\",\"url\":\"https:\\\/\\\/www.issekinicho.fr\\\/editions\\\/\",\"logo\":{\"@type\":\"ImageObject\",\"inLanguage\":\"fr-FR\",\"@id\":\"https:\\\/\\\/www.issekinicho.fr\\\/editions\\\/#\\\/schema\\\/logo\\\/image\\\/\",\"url\":\"https:\\\/\\\/www.issekinicho.fr\\\/editions\\\/wp-content\\\/uploads\\\/2013\\\/07\\\/logo_v3_01_vignette.webp\",\"contentUrl\":\"https:\\\/\\\/www.issekinicho.fr\\\/editions\\\/wp-content\\\/uploads\\\/2013\\\/07\\\/logo_v3_01_vignette.webp\",\"width\":74,\"height\":100,\"caption\":\"Editions ISSEKINICHO\"},\"image\":{\"@id\":\"https:\\\/\\\/www.issekinicho.fr\\\/editions\\\/#\\\/schema\\\/logo\\\/image\\\/\"},\"sameAs\":[\"https:\\\/\\\/www.facebook.com\\\/issekinicho\\\/\",\"https:\\\/\\\/x.com\\\/Isseki_nicho\",\"https:\\\/\\\/www.instagram.com\\\/isseki_nicho\\\/\",\"https:\\\/\\\/fr.pinterest.com\\\/issekinicho\\\/\",\"https:\\\/\\\/www.youtube.com\\\/user\\\/issekinicho\"]}]}<\/script>\n<!-- \/ Yoast SEO plugin. -->","yoast_head_json":{"title":"Neko Land &#8226; Photographie animali\u00e8re du Japon &#8226; Editions Issekinicho","description":"Le chat est partout au Japon. Dans ce livre de photographie animali\u00e8re urbaine, partez \u00e0 la rencontre des chats \u00e0 travers tout le Japon.","robots":{"index":"index","follow":"follow","max-snippet":"max-snippet:-1","max-image-preview":"max-image-preview:large","max-video-preview":"max-video-preview:-1"},"canonical":"https:\/\/www.issekinicho.fr\/editions\/produit\/neko-land-2\/","og_locale":"fr_FR","og_type":"article","og_title":"Neko Land &#8226; Photographie animali\u00e8re du Japon &#8226; Editions Issekinicho","og_description":"Le chat est partout au Japon. Dans ce livre de photographie animali\u00e8re urbaine, partez \u00e0 la rencontre des chats \u00e0 travers tout le Japon.","og_url":"https:\/\/www.issekinicho.fr\/editions\/produit\/neko-land-2\/","og_site_name":"Editions Issekinicho","article_publisher":"https:\/\/www.facebook.com\/issekinicho\/","article_modified_time":"2026-04-24T17:06:06+00:00","og_image":[{"width":500,"height":600,"url":"https:\/\/www.issekinicho.fr\/editions\/wp-content\/uploads\/2014\/04\/nekoland_cover.webp","type":"image\/jpeg"}],"twitter_card":"summary_large_image","twitter_site":"@Isseki_nicho","twitter_misc":{"Dur\u00e9e de lecture estim\u00e9e":"1 minute"},"schema":{"@context":"https:\/\/schema.org","@graph":[{"@type":"WebPage","@id":"https:\/\/www.issekinicho.fr\/editions\/produit\/neko-land-2\/","url":"https:\/\/www.issekinicho.fr\/editions\/produit\/neko-land-2\/","name":"Neko Land &#8226; Photographie animali\u00e8re du Japon &#8226; Editions Issekinicho","isPartOf":{"@id":"https:\/\/www.issekinicho.fr\/editions\/#website"},"primaryImageOfPage":{"@id":"https:\/\/www.issekinicho.fr\/editions\/produit\/neko-land-2\/#primaryimage"},"image":{"@id":"https:\/\/www.issekinicho.fr\/editions\/produit\/neko-land-2\/#primaryimage"},"thumbnailUrl":"https:\/\/www.issekinicho.fr\/editions\/wp-content\/uploads\/2014\/04\/nekoland_cover.webp","datePublished":"2014-04-10T08:10:19+00:00","dateModified":"2026-04-24T17:06:06+00:00","description":"Le chat est partout au Japon. Dans ce livre de photographie animali\u00e8re urbaine, partez \u00e0 la rencontre des chats \u00e0 travers tout le Japon.","breadcrumb":{"@id":"https:\/\/www.issekinicho.fr\/editions\/produit\/neko-land-2\/#breadcrumb"},"inLanguage":"fr-FR","potentialAction":[{"@type":"ReadAction","target":["https:\/\/www.issekinicho.fr\/editions\/produit\/neko-land-2\/"]}]},{"@type":"ImageObject","inLanguage":"fr-FR","@id":"https:\/\/www.issekinicho.fr\/editions\/produit\/neko-land-2\/#primaryimage","url":"https:\/\/www.issekinicho.fr\/editions\/wp-content\/uploads\/2014\/04\/nekoland_cover.webp","contentUrl":"https:\/\/www.issekinicho.fr\/editions\/wp-content\/uploads\/2014\/04\/nekoland_cover.webp","width":500,"height":600,"caption":"couverture d'un livre de photos sur les chats"},{"@type":"BreadcrumbList","@id":"https:\/\/www.issekinicho.fr\/editions\/produit\/neko-land-2\/#breadcrumb","itemListElement":[{"@type":"ListItem","position":1,"name":"Catalogue","item":"https:\/\/www.issekinicho.fr\/editions\/"},{"@type":"ListItem","position":2,"name":"Produits","item":"https:\/\/www.issekinicho.fr\/editions\/shop\/"},{"@type":"ListItem","position":3,"name":"Neko Land"}]},{"@type":"WebSite","@id":"https:\/\/www.issekinicho.fr\/editions\/#website","url":"https:\/\/www.issekinicho.fr\/editions\/","name":"Editions Issekinicho","description":"Livres jeunesse, BD et guides sur le Japon","publisher":{"@id":"https:\/\/www.issekinicho.fr\/editions\/#organization"},"potentialAction":[{"@type":"SearchAction","target":{"@type":"EntryPoint","urlTemplate":"https:\/\/www.issekinicho.fr\/editions\/?s={search_term_string}"},"query-input":{"@type":"PropertyValueSpecification","valueRequired":true,"valueName":"search_term_string"}}],"inLanguage":"fr-FR"},{"@type":"Organization","@id":"https:\/\/www.issekinicho.fr\/editions\/#organization","name":"Editions ISSEKINICHO","url":"https:\/\/www.issekinicho.fr\/editions\/","logo":{"@type":"ImageObject","inLanguage":"fr-FR","@id":"https:\/\/www.issekinicho.fr\/editions\/#\/schema\/logo\/image\/","url":"https:\/\/www.issekinicho.fr\/editions\/wp-content\/uploads\/2013\/07\/logo_v3_01_vignette.webp","contentUrl":"https:\/\/www.issekinicho.fr\/editions\/wp-content\/uploads\/2013\/07\/logo_v3_01_vignette.webp","width":74,"height":100,"caption":"Editions ISSEKINICHO"},"image":{"@id":"https:\/\/www.issekinicho.fr\/editions\/#\/schema\/logo\/image\/"},"sameAs":["https:\/\/www.facebook.com\/issekinicho\/","https:\/\/x.com\/Isseki_nicho","https:\/\/www.instagram.com\/isseki_nicho\/","https:\/\/fr.pinterest.com\/issekinicho\/","https:\/\/www.youtube.com\/user\/issekinicho"]}]}},"_links":{"self":[{"href":"https:\/\/www.issekinicho.fr\/editions\/wp-json\/wp\/v2\/product\/39","targetHints":{"allow":["GET"]}}],"collection":[{"href":"https:\/\/www.issekinicho.fr\/editions\/wp-json\/wp\/v2\/product"}],"about":[{"href":"https:\/\/www.issekinicho.fr\/editions\/wp-json\/wp\/v2\/types\/product"}],"version-history":[{"count":0,"href":"https:\/\/www.issekinicho.fr\/editions\/wp-json\/wp\/v2\/product\/39\/revisions"}],"wp:featuredmedia":[{"embeddable":true,"href":"https:\/\/www.issekinicho.fr\/editions\/wp-json\/wp\/v2\/media\/5332"}],"wp:attachment":[{"href":"https:\/\/www.issekinicho.fr\/editions\/wp-json\/wp\/v2\/media?parent=39"}],"wp:term":[{"taxonomy":"product_brand","embeddable":true,"href":"https:\/\/www.issekinicho.fr\/editions\/wp-json\/wp\/v2\/product_brand?post=39"},{"taxonomy":"product_cat","embeddable":true,"href":"https:\/\/www.issekinicho.fr\/editions\/wp-json\/wp\/v2\/product_cat?post=39"},{"taxonomy":"product_tag","embeddable":true,"href":"https:\/\/www.issekinicho.fr\/editions\/wp-json\/wp\/v2\/product_tag?post=39"}],"curies":[{"name":"wp","href":"https:\/\/api.w.org\/{rel}","templated":true}]}}