{"id":32844,"date":"2024-06-06T16:20:36","date_gmt":"2024-06-06T14:20:36","guid":{"rendered":"https:\/\/www.issekinicho.fr\/editions\/?post_type=product&#038;p=32844"},"modified":"2026-04-25T14:56:14","modified_gmt":"2026-04-25T12:56:14","slug":"la-fete-des-ombres-integrale","status":"publish","type":"product","link":"https:\/\/www.issekinicho.fr\/editions\/produit\/la-fete-des-ombres-integrale\/","title":{"rendered":"La F\u00eate des ombres"},"content":{"rendered":"<p><iframe title=\"The Shadow Festival - Ghosts in the Japanese countryside\" width=\"800\" height=\"450\" src=\"https:\/\/www.youtube.com\/embed\/eTFigsUaUHs?feature=oembed\" frameborder=\"0\" allow=\"accelerometer; autoplay; clipboard-write; encrypted-media; gyroscope; picture-in-picture; web-share\" referrerpolicy=\"strict-origin-when-cross-origin\" allowfullscreen><\/iframe><\/p>\n<p>&nbsp;<\/p>\n<p><strong>La F\u00eate des ombres<br \/>\nFormat :<\/strong>\u00a0 19 cm x 25,5 cm &#8211; 160 pages<br \/>\n<strong>Couverture :<\/strong> souple, avec rabats, pelliculage mat<br \/>\n<strong>Papier : <\/strong>Multioffset 140 gr<br \/>\n<strong>ISBN :<\/strong> 979 1 0953972 2 9<\/p>\n<p><strong><img decoding=\"async\" class=\"size-full wp-image-13671 alignleft\" src=\"https:\/\/www.issekinicho.fr\/editions\/wp-content\/uploads\/2020\/11\/atelier_sento_site.webp\" alt=\"\" width=\"250\" height=\"309\" \/>Les Auteurs<br \/>\n<\/strong>L\u2019Atelier Sento, duo form\u00e9 par C\u00e9cile Brun et Olivier Pichard, est n\u00e9 de voyages au Japon, de rencontres, de dessins et de photographies ramen\u00e9s du pays du Soleil Levant. Ils aiment faire d\u00e9couvrir un Japon inhabituel, compos\u00e9 de villages perdus dans les montagnes, de f\u00eates populaires et d\u2019esprits oubli\u00e9s.<\/p>\n<p>Leur pr\u00e9c\u00e9dent r\u00e9cit \u2013 <a href=\"https:\/\/www.issekinicho.fr\/editions\/produit\/onibi-carnets-du-japon-invisiblesouple\/\">Onibi<\/a> \u2013 a \u00e9t\u00e9 r\u00e9compens\u00e9 par le troph\u00e9e d&rsquo;argent du <a href=\"https:\/\/www.manga-award.mofa.go.jp\/prize\/index_11_2.html\">Japan International Manga Award<\/a>.<\/p>\n<p>Suivez-les sur :<br \/>\n<a href=\"https:\/\/www.instagram.com\/ateliersento\">Instagram<\/a><br \/>\n<a href=\"https:\/\/www.facebook.com\/AtSento\/\">Facebook<\/a><br \/>\n<a href=\"https:\/\/twitter.com\/AtelierSento\">Twitter<\/a><br \/>\n<a href=\"http:\/\/ateliersento.com\">Leur site web<\/a><\/p>\n<div id=\"simple-translate\" class=\"simple-translate-system-theme\">\n<div>\n<div class=\"simple-translate-button isShow\" style=\"background-image: url('moz-extension:\/\/1c3a3c02-32c0-499d-a2ee-cd9da278edf1\/icons\/512.png'); height: 22px; width: 22px; top: 105px; left: 454px;\"><\/div>\n<\/div>\n<\/div>\n","protected":false},"excerpt":{"rendered":"<h3 style=\"text-align: center;\"><span style=\"color: #a30303;\">Quand les ombres et les vivants<br \/>\nse rencontrent\u2026<\/span><\/h3>\n<p><em><strong>Auteurs : <\/strong>Atelier Sent\u014d (C\u00e9cile Brun &amp; Olivier Pichard)<\/em><\/p>\n<p style=\"text-align: left;\">Chaque \u00e9t\u00e9, dans un village isol\u00e9 du Japon, on c\u00e9l\u00e8bre la F\u00eate des ombres, un \u00e9trange festival pendant lequel les habitants accueillent les \u00e2mes errantes des morts qui ont tout perdu, jusqu&rsquo;au souvenir de leurs vies pass\u00e9es.<br \/>\nNaoko, une jeune femme un peu r\u00eaveuse, a pour mission de guider l&rsquo;une de ces ombres, un homme myst\u00e9rieux hant\u00e9 par un terrible secret. Si elle ne parvient pas \u00e0 l&rsquo;aider avant l&rsquo;\u00e9t\u00e9 suivant, l&rsquo;ombre sera perdue \u00e0 jamais.<br \/>\nAu fil des saisons naissent des sentiments qui les rapprochent et brouillent la fronti\u00e8re entre le monde des vivants et des morts. Mais \u00e0 force de c\u00f4toyer un fant\u00f4me, Naoko ne risque-t-elle pas de passer \u00e0 c\u00f4t\u00e9 de sa propre vie\u00a0?<\/p>\n<p style=\"text-align: center;\"><strong><span class=\"Apple-converted-space\"><em>Histoire compl\u00e8te en 1 tome<\/em><\/span><\/strong><\/p>\n","protected":false},"featured_media":32891,"template":"","meta":[],"product_brand":[],"product_cat":[23,78],"product_tag":[],"class_list":{"0":"post-32844","1":"product","2":"type-product","3":"status-publish","4":"has-post-thumbnail","6":"product_cat-livres","7":"product_cat-bd","9":"first","10":"instock","11":"taxable","12":"shipping-taxable","13":"purchasable","14":"product-type-simple"},"yoast_head":"<!-- This site is optimized with the Yoast SEO plugin v27.4 - https:\/\/yoast.com\/product\/yoast-seo-wordpress\/ -->\n<title>La F\u00eate des ombres &#8226; BD - histoire compl\u00e8te en 1 tome &#8226; Editions Issekinicho<\/title>\n<meta name=\"description\" content=\"Chaque \u00e9t\u00e9, dans un village japonais, on c\u00e9l\u00e8bre la F\u00eate des ombres, un festival pendant lequel les habitants accueillent les \u00e2mes des morts\u2026\" \/>\n<meta name=\"robots\" content=\"index, follow, max-snippet:-1, max-image-preview:large, max-video-preview:-1\" \/>\n<link rel=\"canonical\" href=\"https:\/\/www.issekinicho.fr\/editions\/produit\/la-fete-des-ombres-integrale\/\" \/>\n<meta property=\"og:locale\" content=\"fr_FR\" \/>\n<meta property=\"og:type\" content=\"article\" \/>\n<meta property=\"og:title\" content=\"La F\u00eate des ombres &#8226; BD - histoire compl\u00e8te en 1 tome &#8226; Editions Issekinicho\" \/>\n<meta property=\"og:description\" content=\"Chaque \u00e9t\u00e9, dans un village japonais, on c\u00e9l\u00e8bre la F\u00eate des ombres, un festival pendant lequel les habitants accueillent les \u00e2mes des morts\u2026\" \/>\n<meta property=\"og:url\" content=\"https:\/\/www.issekinicho.fr\/editions\/produit\/la-fete-des-ombres-integrale\/\" \/>\n<meta property=\"og:site_name\" content=\"Editions Issekinicho\" \/>\n<meta property=\"article:publisher\" content=\"https:\/\/www.facebook.com\/issekinicho\/\" \/>\n<meta property=\"article:modified_time\" content=\"2026-04-25T12:56:14+00:00\" \/>\n<meta property=\"og:image\" content=\"https:\/\/www.issekinicho.fr\/editions\/wp-content\/uploads\/2024\/06\/couv_FDO_integrale.webp\" \/>\n\t<meta property=\"og:image:width\" content=\"1080\" \/>\n\t<meta property=\"og:image:height\" content=\"1080\" \/>\n\t<meta property=\"og:image:type\" content=\"image\/jpeg\" \/>\n<meta name=\"twitter:card\" content=\"summary_large_image\" \/>\n<meta name=\"twitter:site\" content=\"@Isseki_nicho\" \/>\n<meta name=\"twitter:label1\" content=\"Dur\u00e9e de lecture estim\u00e9e\" \/>\n\t<meta name=\"twitter:data1\" content=\"1 minute\" \/>\n<script type=\"application\/ld+json\" class=\"yoast-schema-graph\">{\"@context\":\"https:\\\/\\\/schema.org\",\"@graph\":[{\"@type\":\"WebPage\",\"@id\":\"https:\\\/\\\/www.issekinicho.fr\\\/editions\\\/produit\\\/la-fete-des-ombres-integrale\\\/\",\"url\":\"https:\\\/\\\/www.issekinicho.fr\\\/editions\\\/produit\\\/la-fete-des-ombres-integrale\\\/\",\"name\":\"La F\u00eate des ombres &#8226; BD - histoire compl\u00e8te en 1 tome &#8226; Editions Issekinicho\",\"isPartOf\":{\"@id\":\"https:\\\/\\\/www.issekinicho.fr\\\/editions\\\/#website\"},\"primaryImageOfPage\":{\"@id\":\"https:\\\/\\\/www.issekinicho.fr\\\/editions\\\/produit\\\/la-fete-des-ombres-integrale\\\/#primaryimage\"},\"image\":{\"@id\":\"https:\\\/\\\/www.issekinicho.fr\\\/editions\\\/produit\\\/la-fete-des-ombres-integrale\\\/#primaryimage\"},\"thumbnailUrl\":\"https:\\\/\\\/www.issekinicho.fr\\\/editions\\\/wp-content\\\/uploads\\\/2024\\\/06\\\/couv_FDO_integrale.webp\",\"datePublished\":\"2024-06-06T14:20:36+00:00\",\"dateModified\":\"2026-04-25T12:56:14+00:00\",\"description\":\"Chaque \u00e9t\u00e9, dans un village japonais, on c\u00e9l\u00e8bre la F\u00eate des ombres, un festival pendant lequel les habitants accueillent les \u00e2mes des morts\u2026\",\"breadcrumb\":{\"@id\":\"https:\\\/\\\/www.issekinicho.fr\\\/editions\\\/produit\\\/la-fete-des-ombres-integrale\\\/#breadcrumb\"},\"inLanguage\":\"fr-FR\",\"potentialAction\":[{\"@type\":\"ReadAction\",\"target\":[\"https:\\\/\\\/www.issekinicho.fr\\\/editions\\\/produit\\\/la-fete-des-ombres-integrale\\\/\"]}]},{\"@type\":\"ImageObject\",\"inLanguage\":\"fr-FR\",\"@id\":\"https:\\\/\\\/www.issekinicho.fr\\\/editions\\\/produit\\\/la-fete-des-ombres-integrale\\\/#primaryimage\",\"url\":\"https:\\\/\\\/www.issekinicho.fr\\\/editions\\\/wp-content\\\/uploads\\\/2024\\\/06\\\/couv_FDO_integrale.webp\",\"contentUrl\":\"https:\\\/\\\/www.issekinicho.fr\\\/editions\\\/wp-content\\\/uploads\\\/2024\\\/06\\\/couv_FDO_integrale.webp\",\"width\":1080,\"height\":1080},{\"@type\":\"BreadcrumbList\",\"@id\":\"https:\\\/\\\/www.issekinicho.fr\\\/editions\\\/produit\\\/la-fete-des-ombres-integrale\\\/#breadcrumb\",\"itemListElement\":[{\"@type\":\"ListItem\",\"position\":1,\"name\":\"Catalogue\",\"item\":\"https:\\\/\\\/www.issekinicho.fr\\\/editions\\\/\"},{\"@type\":\"ListItem\",\"position\":2,\"name\":\"Produits\",\"item\":\"https:\\\/\\\/www.issekinicho.fr\\\/editions\\\/shop\\\/\"},{\"@type\":\"ListItem\",\"position\":3,\"name\":\"La F\u00eate des ombres\"}]},{\"@type\":\"WebSite\",\"@id\":\"https:\\\/\\\/www.issekinicho.fr\\\/editions\\\/#website\",\"url\":\"https:\\\/\\\/www.issekinicho.fr\\\/editions\\\/\",\"name\":\"Editions Issekinicho\",\"description\":\"Livres jeunesse, BD et guides sur le Japon\",\"publisher\":{\"@id\":\"https:\\\/\\\/www.issekinicho.fr\\\/editions\\\/#organization\"},\"potentialAction\":[{\"@type\":\"SearchAction\",\"target\":{\"@type\":\"EntryPoint\",\"urlTemplate\":\"https:\\\/\\\/www.issekinicho.fr\\\/editions\\\/?s={search_term_string}\"},\"query-input\":{\"@type\":\"PropertyValueSpecification\",\"valueRequired\":true,\"valueName\":\"search_term_string\"}}],\"inLanguage\":\"fr-FR\"},{\"@type\":\"Organization\",\"@id\":\"https:\\\/\\\/www.issekinicho.fr\\\/editions\\\/#organization\",\"name\":\"Editions ISSEKINICHO\",\"url\":\"https:\\\/\\\/www.issekinicho.fr\\\/editions\\\/\",\"logo\":{\"@type\":\"ImageObject\",\"inLanguage\":\"fr-FR\",\"@id\":\"https:\\\/\\\/www.issekinicho.fr\\\/editions\\\/#\\\/schema\\\/logo\\\/image\\\/\",\"url\":\"https:\\\/\\\/www.issekinicho.fr\\\/editions\\\/wp-content\\\/uploads\\\/2013\\\/07\\\/logo_v3_01_vignette.webp\",\"contentUrl\":\"https:\\\/\\\/www.issekinicho.fr\\\/editions\\\/wp-content\\\/uploads\\\/2013\\\/07\\\/logo_v3_01_vignette.webp\",\"width\":74,\"height\":100,\"caption\":\"Editions ISSEKINICHO\"},\"image\":{\"@id\":\"https:\\\/\\\/www.issekinicho.fr\\\/editions\\\/#\\\/schema\\\/logo\\\/image\\\/\"},\"sameAs\":[\"https:\\\/\\\/www.facebook.com\\\/issekinicho\\\/\",\"https:\\\/\\\/x.com\\\/Isseki_nicho\",\"https:\\\/\\\/www.instagram.com\\\/isseki_nicho\\\/\",\"https:\\\/\\\/fr.pinterest.com\\\/issekinicho\\\/\",\"https:\\\/\\\/www.youtube.com\\\/user\\\/issekinicho\"]}]}<\/script>\n<!-- \/ Yoast SEO plugin. -->","yoast_head_json":{"title":"La F\u00eate des ombres &#8226; BD - histoire compl\u00e8te en 1 tome &#8226; Editions Issekinicho","description":"Chaque \u00e9t\u00e9, dans un village japonais, on c\u00e9l\u00e8bre la F\u00eate des ombres, un festival pendant lequel les habitants accueillent les \u00e2mes des morts\u2026","robots":{"index":"index","follow":"follow","max-snippet":"max-snippet:-1","max-image-preview":"max-image-preview:large","max-video-preview":"max-video-preview:-1"},"canonical":"https:\/\/www.issekinicho.fr\/editions\/produit\/la-fete-des-ombres-integrale\/","og_locale":"fr_FR","og_type":"article","og_title":"La F\u00eate des ombres &#8226; BD - histoire compl\u00e8te en 1 tome &#8226; Editions Issekinicho","og_description":"Chaque \u00e9t\u00e9, dans un village japonais, on c\u00e9l\u00e8bre la F\u00eate des ombres, un festival pendant lequel les habitants accueillent les \u00e2mes des morts\u2026","og_url":"https:\/\/www.issekinicho.fr\/editions\/produit\/la-fete-des-ombres-integrale\/","og_site_name":"Editions Issekinicho","article_publisher":"https:\/\/www.facebook.com\/issekinicho\/","article_modified_time":"2026-04-25T12:56:14+00:00","og_image":[{"width":1080,"height":1080,"url":"https:\/\/www.issekinicho.fr\/editions\/wp-content\/uploads\/2024\/06\/couv_FDO_integrale.webp","type":"image\/jpeg"}],"twitter_card":"summary_large_image","twitter_site":"@Isseki_nicho","twitter_misc":{"Dur\u00e9e de lecture estim\u00e9e":"1 minute"},"schema":{"@context":"https:\/\/schema.org","@graph":[{"@type":"WebPage","@id":"https:\/\/www.issekinicho.fr\/editions\/produit\/la-fete-des-ombres-integrale\/","url":"https:\/\/www.issekinicho.fr\/editions\/produit\/la-fete-des-ombres-integrale\/","name":"La F\u00eate des ombres &#8226; BD - histoire compl\u00e8te en 1 tome &#8226; Editions Issekinicho","isPartOf":{"@id":"https:\/\/www.issekinicho.fr\/editions\/#website"},"primaryImageOfPage":{"@id":"https:\/\/www.issekinicho.fr\/editions\/produit\/la-fete-des-ombres-integrale\/#primaryimage"},"image":{"@id":"https:\/\/www.issekinicho.fr\/editions\/produit\/la-fete-des-ombres-integrale\/#primaryimage"},"thumbnailUrl":"https:\/\/www.issekinicho.fr\/editions\/wp-content\/uploads\/2024\/06\/couv_FDO_integrale.webp","datePublished":"2024-06-06T14:20:36+00:00","dateModified":"2026-04-25T12:56:14+00:00","description":"Chaque \u00e9t\u00e9, dans un village japonais, on c\u00e9l\u00e8bre la F\u00eate des ombres, un festival pendant lequel les habitants accueillent les \u00e2mes des morts\u2026","breadcrumb":{"@id":"https:\/\/www.issekinicho.fr\/editions\/produit\/la-fete-des-ombres-integrale\/#breadcrumb"},"inLanguage":"fr-FR","potentialAction":[{"@type":"ReadAction","target":["https:\/\/www.issekinicho.fr\/editions\/produit\/la-fete-des-ombres-integrale\/"]}]},{"@type":"ImageObject","inLanguage":"fr-FR","@id":"https:\/\/www.issekinicho.fr\/editions\/produit\/la-fete-des-ombres-integrale\/#primaryimage","url":"https:\/\/www.issekinicho.fr\/editions\/wp-content\/uploads\/2024\/06\/couv_FDO_integrale.webp","contentUrl":"https:\/\/www.issekinicho.fr\/editions\/wp-content\/uploads\/2024\/06\/couv_FDO_integrale.webp","width":1080,"height":1080},{"@type":"BreadcrumbList","@id":"https:\/\/www.issekinicho.fr\/editions\/produit\/la-fete-des-ombres-integrale\/#breadcrumb","itemListElement":[{"@type":"ListItem","position":1,"name":"Catalogue","item":"https:\/\/www.issekinicho.fr\/editions\/"},{"@type":"ListItem","position":2,"name":"Produits","item":"https:\/\/www.issekinicho.fr\/editions\/shop\/"},{"@type":"ListItem","position":3,"name":"La F\u00eate des ombres"}]},{"@type":"WebSite","@id":"https:\/\/www.issekinicho.fr\/editions\/#website","url":"https:\/\/www.issekinicho.fr\/editions\/","name":"Editions Issekinicho","description":"Livres jeunesse, BD et guides sur le Japon","publisher":{"@id":"https:\/\/www.issekinicho.fr\/editions\/#organization"},"potentialAction":[{"@type":"SearchAction","target":{"@type":"EntryPoint","urlTemplate":"https:\/\/www.issekinicho.fr\/editions\/?s={search_term_string}"},"query-input":{"@type":"PropertyValueSpecification","valueRequired":true,"valueName":"search_term_string"}}],"inLanguage":"fr-FR"},{"@type":"Organization","@id":"https:\/\/www.issekinicho.fr\/editions\/#organization","name":"Editions ISSEKINICHO","url":"https:\/\/www.issekinicho.fr\/editions\/","logo":{"@type":"ImageObject","inLanguage":"fr-FR","@id":"https:\/\/www.issekinicho.fr\/editions\/#\/schema\/logo\/image\/","url":"https:\/\/www.issekinicho.fr\/editions\/wp-content\/uploads\/2013\/07\/logo_v3_01_vignette.webp","contentUrl":"https:\/\/www.issekinicho.fr\/editions\/wp-content\/uploads\/2013\/07\/logo_v3_01_vignette.webp","width":74,"height":100,"caption":"Editions ISSEKINICHO"},"image":{"@id":"https:\/\/www.issekinicho.fr\/editions\/#\/schema\/logo\/image\/"},"sameAs":["https:\/\/www.facebook.com\/issekinicho\/","https:\/\/x.com\/Isseki_nicho","https:\/\/www.instagram.com\/isseki_nicho\/","https:\/\/fr.pinterest.com\/issekinicho\/","https:\/\/www.youtube.com\/user\/issekinicho"]}]}},"_links":{"self":[{"href":"https:\/\/www.issekinicho.fr\/editions\/wp-json\/wp\/v2\/product\/32844","targetHints":{"allow":["GET"]}}],"collection":[{"href":"https:\/\/www.issekinicho.fr\/editions\/wp-json\/wp\/v2\/product"}],"about":[{"href":"https:\/\/www.issekinicho.fr\/editions\/wp-json\/wp\/v2\/types\/product"}],"version-history":[{"count":0,"href":"https:\/\/www.issekinicho.fr\/editions\/wp-json\/wp\/v2\/product\/32844\/revisions"}],"wp:featuredmedia":[{"embeddable":true,"href":"https:\/\/www.issekinicho.fr\/editions\/wp-json\/wp\/v2\/media\/32891"}],"wp:attachment":[{"href":"https:\/\/www.issekinicho.fr\/editions\/wp-json\/wp\/v2\/media?parent=32844"}],"wp:term":[{"taxonomy":"product_brand","embeddable":true,"href":"https:\/\/www.issekinicho.fr\/editions\/wp-json\/wp\/v2\/product_brand?post=32844"},{"taxonomy":"product_cat","embeddable":true,"href":"https:\/\/www.issekinicho.fr\/editions\/wp-json\/wp\/v2\/product_cat?post=32844"},{"taxonomy":"product_tag","embeddable":true,"href":"https:\/\/www.issekinicho.fr\/editions\/wp-json\/wp\/v2\/product_tag?post=32844"}],"curies":[{"name":"wp","href":"https:\/\/api.w.org\/{rel}","templated":true}]}}