{"id":32302,"date":"2019-01-08T12:00:30","date_gmt":"2019-01-08T11:00:30","guid":{"rendered":"https:\/\/www.issekinicho.fr\/editions\/?post_type=product&#038;p=32302"},"modified":"2026-05-02T11:28:21","modified_gmt":"2026-05-02T09:28:21","slug":"mukashi-mukashi-6","status":"publish","type":"product","link":"https:\/\/www.issekinicho.fr\/editions\/produit\/mukashi-mukashi-6\/","title":{"rendered":"Mukashi mukashi 6"},"content":{"rendered":"<p><strong>Format :<\/strong> 21 cm x 26 cm \u2014 48 pages<br \/>\n<strong>Papier :<\/strong>\u00a0Amber graphic 150g<br \/>\n<strong>Couverture :<\/strong>\u00a0cartonn\u00e9e, pelliculage mat, marquage \u00e0 chaud<br \/>\nReliure cousue<br \/>\n<strong>ISBN :<\/strong> <span class=\"a-list-item\"><span class=\"a-text-bold\"> \u200e<\/span><\/span>979-1095397298<\/p>\n<p>&nbsp;<\/p>\n<p><img decoding=\"async\" class=\"aligncenter wp-image-32341 size-full\" src=\"https:\/\/www.issekinicho.fr\/editions\/wp-content\/uploads\/2024\/01\/mockup_mukashi_06_all.webp\" alt=\"Livre de contes traditionnels du Japon, Mukashi mukashi. Pour enfant \u00e0 partir de 5 ans.\" width=\"620\" height=\"1217\" srcset=\"https:\/\/www.issekinicho.fr\/editions\/wp-content\/uploads\/2024\/01\/mockup_mukashi_06_all.webp 620w, https:\/\/www.issekinicho.fr\/editions\/wp-content\/uploads\/2024\/01\/mockup_mukashi_06_all-600x1178.webp 600w\" sizes=\"(max-width: 620px) 100vw, 620px\" \/><\/p>\n","protected":false},"excerpt":{"rendered":"<p>&nbsp;<\/p>\n<p><em><strong>Textes et illustrations :<\/strong> Delphine Vaufrey<\/em><\/p>\n<h3 style=\"text-align: center;\">Il \u00e9tait une fois,<br \/>\nles contes du Japon\u2026<\/h3>\n<p>Le folklore japonais regorge de contes et de fables mettant en sc\u00e8ne\u00a0samoura\u00efs, animaux farceurs, esprits, monstres et autres sorci\u00e8res.<br \/>\nLa collection \u201c<i>Mukashi mukashi<\/i>\u201d (<i>Il \u00e9tait une fois<\/i>, en japonais)\u00a0vous propose de d\u00e9couvrir ces histoires tr\u00e8s populaires au Japon\u00a0mais souvent m\u00e9connues hors de l\u2019archipel.<\/p>\n<p><strong>Sommaire<\/strong><\/p>\n<p><strong>\u2022 \u00c9n\u00e9ko to n\u00e9zumi<br \/>\n<\/strong>Une jeune fille passe ses journe\u0301es a\u0300 dessiner des chats et cela exaspe\u0300re ses parents.<\/p>\n<p><strong>\u2022 L&rsquo;apprenti marchand de pluie<br \/>\n<\/strong>Un jeune garc\u0327on est propulse\u0301 dans les nuages et se retrouve malgre\u0301 lui l\u2019apprenti du Dieu du tonnerre.<\/p>\n<p><strong>\u2022 Les chapeaux des jizos<br \/>\n<\/strong><em>Un paysan veut vendre des chapeaux au marche\u0301, malheureusement, la neige commence a\u0300 tomber&#8230;<\/em><\/p>\n<p style=\"text-align: center;\"><strong>\u00c0 partir de 5 ans<\/strong><\/p>\n","protected":false},"featured_media":32304,"template":"","meta":[],"product_brand":[],"product_cat":[23,95,94],"product_tag":[],"class_list":{"0":"post-32302","1":"product","2":"type-product","3":"status-publish","4":"has-post-thumbnail","6":"product_cat-livres","7":"product_cat-jeunesse","8":"product_cat-livres-jeunesse","10":"first","11":"instock","12":"taxable","13":"shipping-taxable","14":"purchasable","15":"product-type-simple"},"yoast_head":"<!-- This site is optimized with the Yoast SEO plugin v27.4 - https:\/\/yoast.com\/product\/yoast-seo-wordpress\/ -->\n<title>Mukashi mukashi 6 &#8226; Editions Issekinicho<\/title>\n<meta name=\"description\" content=\"\u201cMukashi mukashi\u201d (Il \u00e9tait une fois, en japonais) est une collection d&#039;albums de contes traditionnels japonais illustr\u00e9s pour enfants \u00e0 partir de 5 ans\" \/>\n<meta name=\"robots\" content=\"index, follow, max-snippet:-1, max-image-preview:large, max-video-preview:-1\" \/>\n<link rel=\"canonical\" href=\"https:\/\/www.issekinicho.fr\/editions\/produit\/mukashi-mukashi-6\/\" \/>\n<meta property=\"og:locale\" content=\"fr_FR\" \/>\n<meta property=\"og:type\" content=\"article\" \/>\n<meta property=\"og:title\" content=\"Mukashi mukashi 6 &#8226; Editions Issekinicho\" \/>\n<meta property=\"og:description\" content=\"\u201cMukashi mukashi\u201d (Il \u00e9tait une fois, en japonais) est une collection d&#039;albums de contes traditionnels japonais illustr\u00e9s pour enfants \u00e0 partir de 5 ans\" \/>\n<meta property=\"og:url\" content=\"https:\/\/www.issekinicho.fr\/editions\/produit\/mukashi-mukashi-6\/\" \/>\n<meta property=\"og:site_name\" content=\"Editions Issekinicho\" \/>\n<meta property=\"article:publisher\" content=\"https:\/\/www.facebook.com\/issekinicho\/\" \/>\n<meta property=\"article:modified_time\" content=\"2026-05-02T09:28:21+00:00\" \/>\n<meta property=\"og:image\" content=\"https:\/\/www.issekinicho.fr\/editions\/wp-content\/uploads\/2024\/01\/mukashi6_ficheprod_lightbox.webp\" \/>\n\t<meta property=\"og:image:width\" content=\"1200\" \/>\n\t<meta property=\"og:image:height\" content=\"1457\" \/>\n\t<meta property=\"og:image:type\" content=\"image\/jpeg\" \/>\n<meta name=\"twitter:card\" content=\"summary_large_image\" \/>\n<meta name=\"twitter:site\" content=\"@Isseki_nicho\" \/>\n<meta name=\"twitter:label1\" content=\"Dur\u00e9e de lecture estim\u00e9e\" \/>\n\t<meta name=\"twitter:data1\" content=\"1 minute\" \/>\n<script type=\"application\/ld+json\" class=\"yoast-schema-graph\">{\"@context\":\"https:\\\/\\\/schema.org\",\"@graph\":[{\"@type\":\"WebPage\",\"@id\":\"https:\\\/\\\/www.issekinicho.fr\\\/editions\\\/produit\\\/mukashi-mukashi-6\\\/\",\"url\":\"https:\\\/\\\/www.issekinicho.fr\\\/editions\\\/produit\\\/mukashi-mukashi-6\\\/\",\"name\":\"Mukashi mukashi 6 &#8226; Editions Issekinicho\",\"isPartOf\":{\"@id\":\"https:\\\/\\\/www.issekinicho.fr\\\/editions\\\/#website\"},\"primaryImageOfPage\":{\"@id\":\"https:\\\/\\\/www.issekinicho.fr\\\/editions\\\/produit\\\/mukashi-mukashi-6\\\/#primaryimage\"},\"image\":{\"@id\":\"https:\\\/\\\/www.issekinicho.fr\\\/editions\\\/produit\\\/mukashi-mukashi-6\\\/#primaryimage\"},\"thumbnailUrl\":\"https:\\\/\\\/www.issekinicho.fr\\\/editions\\\/wp-content\\\/uploads\\\/2024\\\/01\\\/mukashi6_ficheprod_lightbox.webp\",\"datePublished\":\"2019-01-08T11:00:30+00:00\",\"dateModified\":\"2026-05-02T09:28:21+00:00\",\"description\":\"\u201cMukashi mukashi\u201d (Il \u00e9tait une fois, en japonais) est une collection d'albums de contes traditionnels japonais illustr\u00e9s pour enfants \u00e0 partir de 5 ans\",\"breadcrumb\":{\"@id\":\"https:\\\/\\\/www.issekinicho.fr\\\/editions\\\/produit\\\/mukashi-mukashi-6\\\/#breadcrumb\"},\"inLanguage\":\"fr-FR\",\"potentialAction\":[{\"@type\":\"ReadAction\",\"target\":[\"https:\\\/\\\/www.issekinicho.fr\\\/editions\\\/produit\\\/mukashi-mukashi-6\\\/\"]}]},{\"@type\":\"ImageObject\",\"inLanguage\":\"fr-FR\",\"@id\":\"https:\\\/\\\/www.issekinicho.fr\\\/editions\\\/produit\\\/mukashi-mukashi-6\\\/#primaryimage\",\"url\":\"https:\\\/\\\/www.issekinicho.fr\\\/editions\\\/wp-content\\\/uploads\\\/2024\\\/01\\\/mukashi6_ficheprod_lightbox.webp\",\"contentUrl\":\"https:\\\/\\\/www.issekinicho.fr\\\/editions\\\/wp-content\\\/uploads\\\/2024\\\/01\\\/mukashi6_ficheprod_lightbox.webp\",\"width\":1200,\"height\":1457,\"caption\":\"Livre de contes traditionnel du Japon, Mukashi mukashi. Pour enfant \u00e0 partir de 3 ans\"},{\"@type\":\"BreadcrumbList\",\"@id\":\"https:\\\/\\\/www.issekinicho.fr\\\/editions\\\/produit\\\/mukashi-mukashi-6\\\/#breadcrumb\",\"itemListElement\":[{\"@type\":\"ListItem\",\"position\":1,\"name\":\"Catalogue\",\"item\":\"https:\\\/\\\/www.issekinicho.fr\\\/editions\\\/\"},{\"@type\":\"ListItem\",\"position\":2,\"name\":\"Produits\",\"item\":\"https:\\\/\\\/www.issekinicho.fr\\\/editions\\\/shop\\\/\"},{\"@type\":\"ListItem\",\"position\":3,\"name\":\"Mukashi mukashi 6\"}]},{\"@type\":\"WebSite\",\"@id\":\"https:\\\/\\\/www.issekinicho.fr\\\/editions\\\/#website\",\"url\":\"https:\\\/\\\/www.issekinicho.fr\\\/editions\\\/\",\"name\":\"Editions Issekinicho\",\"description\":\"Livres jeunesse, BD et guides sur le Japon\",\"publisher\":{\"@id\":\"https:\\\/\\\/www.issekinicho.fr\\\/editions\\\/#organization\"},\"potentialAction\":[{\"@type\":\"SearchAction\",\"target\":{\"@type\":\"EntryPoint\",\"urlTemplate\":\"https:\\\/\\\/www.issekinicho.fr\\\/editions\\\/?s={search_term_string}\"},\"query-input\":{\"@type\":\"PropertyValueSpecification\",\"valueRequired\":true,\"valueName\":\"search_term_string\"}}],\"inLanguage\":\"fr-FR\"},{\"@type\":\"Organization\",\"@id\":\"https:\\\/\\\/www.issekinicho.fr\\\/editions\\\/#organization\",\"name\":\"Editions ISSEKINICHO\",\"url\":\"https:\\\/\\\/www.issekinicho.fr\\\/editions\\\/\",\"logo\":{\"@type\":\"ImageObject\",\"inLanguage\":\"fr-FR\",\"@id\":\"https:\\\/\\\/www.issekinicho.fr\\\/editions\\\/#\\\/schema\\\/logo\\\/image\\\/\",\"url\":\"https:\\\/\\\/www.issekinicho.fr\\\/editions\\\/wp-content\\\/uploads\\\/2013\\\/07\\\/logo_v3_01_vignette.webp\",\"contentUrl\":\"https:\\\/\\\/www.issekinicho.fr\\\/editions\\\/wp-content\\\/uploads\\\/2013\\\/07\\\/logo_v3_01_vignette.webp\",\"width\":74,\"height\":100,\"caption\":\"Editions ISSEKINICHO\"},\"image\":{\"@id\":\"https:\\\/\\\/www.issekinicho.fr\\\/editions\\\/#\\\/schema\\\/logo\\\/image\\\/\"},\"sameAs\":[\"https:\\\/\\\/www.facebook.com\\\/issekinicho\\\/\",\"https:\\\/\\\/x.com\\\/Isseki_nicho\",\"https:\\\/\\\/www.instagram.com\\\/isseki_nicho\\\/\",\"https:\\\/\\\/fr.pinterest.com\\\/issekinicho\\\/\",\"https:\\\/\\\/www.youtube.com\\\/user\\\/issekinicho\"]}]}<\/script>\n<!-- \/ Yoast SEO plugin. -->","yoast_head_json":{"title":"Mukashi mukashi 6 &#8226; Editions Issekinicho","description":"\u201cMukashi mukashi\u201d (Il \u00e9tait une fois, en japonais) est une collection d'albums de contes traditionnels japonais illustr\u00e9s pour enfants \u00e0 partir de 5 ans","robots":{"index":"index","follow":"follow","max-snippet":"max-snippet:-1","max-image-preview":"max-image-preview:large","max-video-preview":"max-video-preview:-1"},"canonical":"https:\/\/www.issekinicho.fr\/editions\/produit\/mukashi-mukashi-6\/","og_locale":"fr_FR","og_type":"article","og_title":"Mukashi mukashi 6 &#8226; Editions Issekinicho","og_description":"\u201cMukashi mukashi\u201d (Il \u00e9tait une fois, en japonais) est une collection d'albums de contes traditionnels japonais illustr\u00e9s pour enfants \u00e0 partir de 5 ans","og_url":"https:\/\/www.issekinicho.fr\/editions\/produit\/mukashi-mukashi-6\/","og_site_name":"Editions Issekinicho","article_publisher":"https:\/\/www.facebook.com\/issekinicho\/","article_modified_time":"2026-05-02T09:28:21+00:00","og_image":[{"width":1200,"height":1457,"url":"https:\/\/www.issekinicho.fr\/editions\/wp-content\/uploads\/2024\/01\/mukashi6_ficheprod_lightbox.webp","type":"image\/jpeg"}],"twitter_card":"summary_large_image","twitter_site":"@Isseki_nicho","twitter_misc":{"Dur\u00e9e de lecture estim\u00e9e":"1 minute"},"schema":{"@context":"https:\/\/schema.org","@graph":[{"@type":"WebPage","@id":"https:\/\/www.issekinicho.fr\/editions\/produit\/mukashi-mukashi-6\/","url":"https:\/\/www.issekinicho.fr\/editions\/produit\/mukashi-mukashi-6\/","name":"Mukashi mukashi 6 &#8226; Editions Issekinicho","isPartOf":{"@id":"https:\/\/www.issekinicho.fr\/editions\/#website"},"primaryImageOfPage":{"@id":"https:\/\/www.issekinicho.fr\/editions\/produit\/mukashi-mukashi-6\/#primaryimage"},"image":{"@id":"https:\/\/www.issekinicho.fr\/editions\/produit\/mukashi-mukashi-6\/#primaryimage"},"thumbnailUrl":"https:\/\/www.issekinicho.fr\/editions\/wp-content\/uploads\/2024\/01\/mukashi6_ficheprod_lightbox.webp","datePublished":"2019-01-08T11:00:30+00:00","dateModified":"2026-05-02T09:28:21+00:00","description":"\u201cMukashi mukashi\u201d (Il \u00e9tait une fois, en japonais) est une collection d'albums de contes traditionnels japonais illustr\u00e9s pour enfants \u00e0 partir de 5 ans","breadcrumb":{"@id":"https:\/\/www.issekinicho.fr\/editions\/produit\/mukashi-mukashi-6\/#breadcrumb"},"inLanguage":"fr-FR","potentialAction":[{"@type":"ReadAction","target":["https:\/\/www.issekinicho.fr\/editions\/produit\/mukashi-mukashi-6\/"]}]},{"@type":"ImageObject","inLanguage":"fr-FR","@id":"https:\/\/www.issekinicho.fr\/editions\/produit\/mukashi-mukashi-6\/#primaryimage","url":"https:\/\/www.issekinicho.fr\/editions\/wp-content\/uploads\/2024\/01\/mukashi6_ficheprod_lightbox.webp","contentUrl":"https:\/\/www.issekinicho.fr\/editions\/wp-content\/uploads\/2024\/01\/mukashi6_ficheprod_lightbox.webp","width":1200,"height":1457,"caption":"Livre de contes traditionnel du Japon, Mukashi mukashi. Pour enfant \u00e0 partir de 3 ans"},{"@type":"BreadcrumbList","@id":"https:\/\/www.issekinicho.fr\/editions\/produit\/mukashi-mukashi-6\/#breadcrumb","itemListElement":[{"@type":"ListItem","position":1,"name":"Catalogue","item":"https:\/\/www.issekinicho.fr\/editions\/"},{"@type":"ListItem","position":2,"name":"Produits","item":"https:\/\/www.issekinicho.fr\/editions\/shop\/"},{"@type":"ListItem","position":3,"name":"Mukashi mukashi 6"}]},{"@type":"WebSite","@id":"https:\/\/www.issekinicho.fr\/editions\/#website","url":"https:\/\/www.issekinicho.fr\/editions\/","name":"Editions Issekinicho","description":"Livres jeunesse, BD et guides sur le Japon","publisher":{"@id":"https:\/\/www.issekinicho.fr\/editions\/#organization"},"potentialAction":[{"@type":"SearchAction","target":{"@type":"EntryPoint","urlTemplate":"https:\/\/www.issekinicho.fr\/editions\/?s={search_term_string}"},"query-input":{"@type":"PropertyValueSpecification","valueRequired":true,"valueName":"search_term_string"}}],"inLanguage":"fr-FR"},{"@type":"Organization","@id":"https:\/\/www.issekinicho.fr\/editions\/#organization","name":"Editions ISSEKINICHO","url":"https:\/\/www.issekinicho.fr\/editions\/","logo":{"@type":"ImageObject","inLanguage":"fr-FR","@id":"https:\/\/www.issekinicho.fr\/editions\/#\/schema\/logo\/image\/","url":"https:\/\/www.issekinicho.fr\/editions\/wp-content\/uploads\/2013\/07\/logo_v3_01_vignette.webp","contentUrl":"https:\/\/www.issekinicho.fr\/editions\/wp-content\/uploads\/2013\/07\/logo_v3_01_vignette.webp","width":74,"height":100,"caption":"Editions ISSEKINICHO"},"image":{"@id":"https:\/\/www.issekinicho.fr\/editions\/#\/schema\/logo\/image\/"},"sameAs":["https:\/\/www.facebook.com\/issekinicho\/","https:\/\/x.com\/Isseki_nicho","https:\/\/www.instagram.com\/isseki_nicho\/","https:\/\/fr.pinterest.com\/issekinicho\/","https:\/\/www.youtube.com\/user\/issekinicho"]}]}},"_links":{"self":[{"href":"https:\/\/www.issekinicho.fr\/editions\/wp-json\/wp\/v2\/product\/32302","targetHints":{"allow":["GET"]}}],"collection":[{"href":"https:\/\/www.issekinicho.fr\/editions\/wp-json\/wp\/v2\/product"}],"about":[{"href":"https:\/\/www.issekinicho.fr\/editions\/wp-json\/wp\/v2\/types\/product"}],"version-history":[{"count":0,"href":"https:\/\/www.issekinicho.fr\/editions\/wp-json\/wp\/v2\/product\/32302\/revisions"}],"wp:featuredmedia":[{"embeddable":true,"href":"https:\/\/www.issekinicho.fr\/editions\/wp-json\/wp\/v2\/media\/32304"}],"wp:attachment":[{"href":"https:\/\/www.issekinicho.fr\/editions\/wp-json\/wp\/v2\/media?parent=32302"}],"wp:term":[{"taxonomy":"product_brand","embeddable":true,"href":"https:\/\/www.issekinicho.fr\/editions\/wp-json\/wp\/v2\/product_brand?post=32302"},{"taxonomy":"product_cat","embeddable":true,"href":"https:\/\/www.issekinicho.fr\/editions\/wp-json\/wp\/v2\/product_cat?post=32302"},{"taxonomy":"product_tag","embeddable":true,"href":"https:\/\/www.issekinicho.fr\/editions\/wp-json\/wp\/v2\/product_tag?post=32302"}],"curies":[{"name":"wp","href":"https:\/\/api.w.org\/{rel}","templated":true}]}}