{"id":31415,"date":"2019-01-07T12:00:35","date_gmt":"2019-01-07T11:00:35","guid":{"rendered":"https:\/\/www.issekinicho.fr\/editions\/?post_type=product&#038;p=31415"},"modified":"2026-04-25T14:54:41","modified_gmt":"2026-04-25T12:54:41","slug":"dessine-le-japon-kawaii","status":"publish","type":"product","link":"https:\/\/www.issekinicho.fr\/editions\/produit\/dessine-le-japon-kawaii\/","title":{"rendered":"Dessine le Japon Kawaii"},"content":{"rendered":"<h3 style=\"text-align: center;\"><strong>Contenu du livre<br \/>\n<\/strong><\/h3>\n<p><strong>Apprends \u00e0 dessiner le Japon kawaii !<br \/>\n<\/strong>Des pas-\u00e0-pas pour apprendre \u00e0 dessiner plein d&rsquo;objets mignons japonais, avec plein d&rsquo;annotations.<\/p>\n<p><img decoding=\"async\" class=\"aligncenter wp-image-31626 size-full\" src=\"https:\/\/www.issekinicho.fr\/editions\/wp-content\/uploads\/2023\/08\/B0C8CGW8R4.IN06.webp\" alt=\"Page extrait du livre Dessine le Japon kawaii, un livre pour apprendre \u00e0 dessiner plein d'objets japonais\" width=\"663\" height=\"445\" srcset=\"https:\/\/www.issekinicho.fr\/editions\/wp-content\/uploads\/2023\/08\/B0C8CGW8R4.IN06.webp 663w, https:\/\/www.issekinicho.fr\/editions\/wp-content\/uploads\/2023\/08\/B0C8CGW8R4.IN06-600x403.webp 600w\" sizes=\"(max-width: 663px) 100vw, 663px\" \/><\/p>\n<p><strong>D\u00e9couvre la culture japonaise<br \/>\n<\/strong>Des points culture tout au long du livre pour en apprendre plus sur le Japon, la vie quotidienne, les saisons, le folklore&#8230;<\/p>\n<p><img decoding=\"async\" class=\"aligncenter wp-image-31627 size-full\" src=\"https:\/\/www.issekinicho.fr\/editions\/wp-content\/uploads\/2023\/08\/B0C8CGW8R4.IN08.webp\" alt=\"Page extrait du livre Dessine le Japon kawaii, un livre pour apprendre \u00e0 dessiner plein d'objets japonais\" width=\"663\" height=\"445\" srcset=\"https:\/\/www.issekinicho.fr\/editions\/wp-content\/uploads\/2023\/08\/B0C8CGW8R4.IN08.webp 663w, https:\/\/www.issekinicho.fr\/editions\/wp-content\/uploads\/2023\/08\/B0C8CGW8R4.IN08-600x403.webp 600w\" sizes=\"(max-width: 663px) 100vw, 663px\" \/><\/p>\n<p><strong>Apprends des mots japonais<br \/>\n<\/strong>Les noms des objets \u00e9crits en fran\u00e7ais et en japonais avec les tableaux des kana pour apprendre \u00e0 les lire.<\/p>\n<p><img decoding=\"async\" class=\"aligncenter wp-image-31629 size-full\" src=\"https:\/\/www.issekinicho.fr\/editions\/wp-content\/uploads\/2023\/08\/dessinekawaii_kana.webp\" alt=\"Page extrait du livre Dessine le Japon kawaii, un livre pour apprendre \u00e0 dessiner plein d'objets japonais\" width=\"663\" height=\"445\" srcset=\"https:\/\/www.issekinicho.fr\/editions\/wp-content\/uploads\/2023\/08\/dessinekawaii_kana.webp 663w, https:\/\/www.issekinicho.fr\/editions\/wp-content\/uploads\/2023\/08\/dessinekawaii_kana-600x403.webp 600w\" sizes=\"(max-width: 663px) 100vw, 663px\" \/><\/p>\n<p><img decoding=\"async\" class=\"alignleft wp-image-31498 size-full\" src=\"https:\/\/www.issekinicho.fr\/editions\/wp-content\/uploads\/2023\/08\/auteur_nini.webp\" alt=\"Niniwanted illustratrice\" width=\"300\" height=\"300\" srcset=\"https:\/\/www.issekinicho.fr\/editions\/wp-content\/uploads\/2023\/08\/auteur_nini.webp 300w, https:\/\/www.issekinicho.fr\/editions\/wp-content\/uploads\/2023\/08\/auteur_nini-100x100.webp 100w\" sizes=\"(max-width: 300px) 100vw, 300px\" \/><\/p>\n<p>&nbsp;<\/p>\n<p><strong>Qui est Niniwanted\u2009?<\/strong><\/p>\n<p>Jenny Lelong, connue sous le nom de <a href=\"https:\/\/www.niniwantedshop.com\">Niniwanted<\/a>, est une illustratrice fran\u00e7aise. Elle cr\u00e9e des illustrations avec une touche pop na\u00efve. Son travail s\u2019inspire de son amour du Japon. Avec son univers joyeux, Niniwanted t\u2019invite \u00e0 d\u00e9ambuler dans un monde kawaii et color\u00e9 !<br \/>\n\u2022 <a href=\"https:\/\/www.niniwantedshop.com\">Shop de Niniwanted<\/a><br \/>\n\u2022 <a href=\"https:\/\/www.instagram.com\/niniwanted\/\">Instagram<\/a><br \/>\n\u2022 <a href=\"https:\/\/twitter.com\/NiniWanted\">Twitter<\/a><\/p>\n<p>&nbsp;<\/p>\n<p><em>\u00c0 partir de 8 ans<\/em><\/p>\n<p>&nbsp;<\/p>\n<p><strong>Format : <\/strong>16 cm x 22 cm<strong><br \/>\nNombre de pages : <\/strong>128 pages<strong><br \/>\nCouverture :<\/strong> souple, avec marquage holographique<strong><br \/>\nPapier : <\/strong>multioffset 150g<br \/>\n<strong>ISBN :<\/strong> <span class=\"a-list-item\"><span class=\"a-text-bold\"> \u200e <\/span> 979-10-95397-33-5<\/span><\/p>\n<p><img decoding=\"async\" class=\"aligncenter size-full wp-image-31631\" src=\"https:\/\/www.issekinicho.fr\/editions\/wp-content\/uploads\/2023\/08\/ban_970_300-1.webp\" alt=\"\" width=\"663\" height=\"205\" srcset=\"https:\/\/www.issekinicho.fr\/editions\/wp-content\/uploads\/2023\/08\/ban_970_300-1.webp 663w, https:\/\/www.issekinicho.fr\/editions\/wp-content\/uploads\/2023\/08\/ban_970_300-1-600x186.webp 600w\" sizes=\"(max-width: 663px) 100vw, 663px\" \/><\/p>\n","protected":false},"excerpt":{"rendered":"<p>Dans ce livre, Niniwanted te guide pour apprendre \u00e0 dessiner le Japon kawaii :<br \/>\nnourriture, animaux, v\u00eatements, objets de la vie quotidienne\u2026<br \/>\ntu sauras tout dessiner dans un style super KAWAII\u2009!<\/p>\n<p>\u2665 Plus de 235 mod\u00e8les<br \/>\n\u2665 Des infos et des anecdotes pour d\u00e9couvrir la culture japonaise<br \/>\n\u2665 Les noms des mod\u00e8les \u00e0 dessiner \u00e9crits en japonais\u00a0pour apprendre plein de mots\u2009!<\/p>\n<hr \/>\n<p>Vous pouvez \u00e9galement retrouver ce livre :<br \/>\n&gt; <a href=\"https:\/\/www.placedeslibraires.fr\/livre\/9791095397205-dessine-le-japon-kawaii-avec-niniwanted-niniwanted-delphine-vaufrey\/\" target=\"_blank\" rel=\"noopener\">Chez votre libraire<\/a><\/p>\n","protected":false},"featured_media":35512,"template":"","meta":[],"product_brand":[],"product_cat":[23,95,94,80],"product_tag":[],"class_list":{"0":"post-31415","1":"product","2":"type-product","3":"status-publish","4":"has-post-thumbnail","6":"product_cat-livres","7":"product_cat-jeunesse","8":"product_cat-livres-jeunesse","9":"product_cat-loisirs-creatifs","11":"first","12":"instock","13":"taxable","14":"shipping-taxable","15":"purchasable","16":"product-type-simple"},"yoast_head":"<!-- This site is optimized with the Yoast SEO plugin v27.4 - https:\/\/yoast.com\/product\/yoast-seo-wordpress\/ -->\n<title>Dessine le Japon Kawaii &#8226; Editions Issekinicho<\/title>\n<meta name=\"description\" content=\"Dessine le Japon kawaii ! Niniwanted te guidera pas \u00e0 pas pour dessiner plein d&#039;objets japonais : nourriture, animaux, v\u00eatements, les saisons\u2026\" \/>\n<meta name=\"robots\" content=\"index, follow, max-snippet:-1, max-image-preview:large, max-video-preview:-1\" \/>\n<link rel=\"canonical\" href=\"https:\/\/www.issekinicho.fr\/editions\/produit\/dessine-le-japon-kawaii\/\" \/>\n<meta property=\"og:locale\" content=\"fr_FR\" \/>\n<meta property=\"og:type\" content=\"article\" \/>\n<meta property=\"og:title\" content=\"Dessine le Japon Kawaii &#8226; Editions Issekinicho\" \/>\n<meta property=\"og:description\" content=\"Dessine le Japon kawaii ! Niniwanted te guidera pas \u00e0 pas pour dessiner plein d&#039;objets japonais : nourriture, animaux, v\u00eatements, les saisons\u2026\" \/>\n<meta property=\"og:url\" content=\"https:\/\/www.issekinicho.fr\/editions\/produit\/dessine-le-japon-kawaii\/\" \/>\n<meta property=\"og:site_name\" content=\"Editions Issekinicho\" \/>\n<meta property=\"article:publisher\" content=\"https:\/\/www.facebook.com\/issekinicho\/\" \/>\n<meta property=\"article:modified_time\" content=\"2026-04-25T12:54:41+00:00\" \/>\n<meta property=\"og:image\" content=\"https:\/\/www.issekinicho.fr\/editions\/wp-content\/uploads\/2023\/08\/dessine_japon_kawaii_niniwanted_02.webp\" \/>\n\t<meta property=\"og:image:width\" content=\"800\" \/>\n\t<meta property=\"og:image:height\" content=\"973\" \/>\n\t<meta property=\"og:image:type\" content=\"image\/webp\" \/>\n<meta name=\"twitter:card\" content=\"summary_large_image\" \/>\n<meta name=\"twitter:site\" content=\"@Isseki_nicho\" \/>\n<meta name=\"twitter:label1\" content=\"Dur\u00e9e de lecture estim\u00e9e\" \/>\n\t<meta name=\"twitter:data1\" content=\"2 minutes\" \/>\n<script type=\"application\/ld+json\" class=\"yoast-schema-graph\">{\"@context\":\"https:\\\/\\\/schema.org\",\"@graph\":[{\"@type\":\"WebPage\",\"@id\":\"https:\\\/\\\/www.issekinicho.fr\\\/editions\\\/produit\\\/dessine-le-japon-kawaii\\\/\",\"url\":\"https:\\\/\\\/www.issekinicho.fr\\\/editions\\\/produit\\\/dessine-le-japon-kawaii\\\/\",\"name\":\"Dessine le Japon Kawaii &#8226; Editions Issekinicho\",\"isPartOf\":{\"@id\":\"https:\\\/\\\/www.issekinicho.fr\\\/editions\\\/#website\"},\"primaryImageOfPage\":{\"@id\":\"https:\\\/\\\/www.issekinicho.fr\\\/editions\\\/produit\\\/dessine-le-japon-kawaii\\\/#primaryimage\"},\"image\":{\"@id\":\"https:\\\/\\\/www.issekinicho.fr\\\/editions\\\/produit\\\/dessine-le-japon-kawaii\\\/#primaryimage\"},\"thumbnailUrl\":\"https:\\\/\\\/www.issekinicho.fr\\\/editions\\\/wp-content\\\/uploads\\\/2023\\\/08\\\/dessine_japon_kawaii_niniwanted_02.webp\",\"datePublished\":\"2019-01-07T11:00:35+00:00\",\"dateModified\":\"2026-04-25T12:54:41+00:00\",\"description\":\"Dessine le Japon kawaii ! Niniwanted te guidera pas \u00e0 pas pour dessiner plein d'objets japonais : nourriture, animaux, v\u00eatements, les saisons\u2026\",\"breadcrumb\":{\"@id\":\"https:\\\/\\\/www.issekinicho.fr\\\/editions\\\/produit\\\/dessine-le-japon-kawaii\\\/#breadcrumb\"},\"inLanguage\":\"fr-FR\",\"potentialAction\":[{\"@type\":\"ReadAction\",\"target\":[\"https:\\\/\\\/www.issekinicho.fr\\\/editions\\\/produit\\\/dessine-le-japon-kawaii\\\/\"]}]},{\"@type\":\"ImageObject\",\"inLanguage\":\"fr-FR\",\"@id\":\"https:\\\/\\\/www.issekinicho.fr\\\/editions\\\/produit\\\/dessine-le-japon-kawaii\\\/#primaryimage\",\"url\":\"https:\\\/\\\/www.issekinicho.fr\\\/editions\\\/wp-content\\\/uploads\\\/2023\\\/08\\\/dessine_japon_kawaii_niniwanted_02.webp\",\"contentUrl\":\"https:\\\/\\\/www.issekinicho.fr\\\/editions\\\/wp-content\\\/uploads\\\/2023\\\/08\\\/dessine_japon_kawaii_niniwanted_02.webp\",\"width\":800,\"height\":973,\"caption\":\"Livre Dessine le Japon kawaii avec Niniwanted, un livre pour enfant pour apprendre \u00e0 dessiner des objets mignons japonais\"},{\"@type\":\"BreadcrumbList\",\"@id\":\"https:\\\/\\\/www.issekinicho.fr\\\/editions\\\/produit\\\/dessine-le-japon-kawaii\\\/#breadcrumb\",\"itemListElement\":[{\"@type\":\"ListItem\",\"position\":1,\"name\":\"Catalogue\",\"item\":\"https:\\\/\\\/www.issekinicho.fr\\\/editions\\\/\"},{\"@type\":\"ListItem\",\"position\":2,\"name\":\"Produits\",\"item\":\"https:\\\/\\\/www.issekinicho.fr\\\/editions\\\/shop\\\/\"},{\"@type\":\"ListItem\",\"position\":3,\"name\":\"Dessine le Japon Kawaii\"}]},{\"@type\":\"WebSite\",\"@id\":\"https:\\\/\\\/www.issekinicho.fr\\\/editions\\\/#website\",\"url\":\"https:\\\/\\\/www.issekinicho.fr\\\/editions\\\/\",\"name\":\"Editions Issekinicho\",\"description\":\"Livres jeunesse, BD et guides sur le Japon\",\"publisher\":{\"@id\":\"https:\\\/\\\/www.issekinicho.fr\\\/editions\\\/#organization\"},\"potentialAction\":[{\"@type\":\"SearchAction\",\"target\":{\"@type\":\"EntryPoint\",\"urlTemplate\":\"https:\\\/\\\/www.issekinicho.fr\\\/editions\\\/?s={search_term_string}\"},\"query-input\":{\"@type\":\"PropertyValueSpecification\",\"valueRequired\":true,\"valueName\":\"search_term_string\"}}],\"inLanguage\":\"fr-FR\"},{\"@type\":\"Organization\",\"@id\":\"https:\\\/\\\/www.issekinicho.fr\\\/editions\\\/#organization\",\"name\":\"Editions ISSEKINICHO\",\"url\":\"https:\\\/\\\/www.issekinicho.fr\\\/editions\\\/\",\"logo\":{\"@type\":\"ImageObject\",\"inLanguage\":\"fr-FR\",\"@id\":\"https:\\\/\\\/www.issekinicho.fr\\\/editions\\\/#\\\/schema\\\/logo\\\/image\\\/\",\"url\":\"https:\\\/\\\/www.issekinicho.fr\\\/editions\\\/wp-content\\\/uploads\\\/2013\\\/07\\\/logo_v3_01_vignette.webp\",\"contentUrl\":\"https:\\\/\\\/www.issekinicho.fr\\\/editions\\\/wp-content\\\/uploads\\\/2013\\\/07\\\/logo_v3_01_vignette.webp\",\"width\":74,\"height\":100,\"caption\":\"Editions ISSEKINICHO\"},\"image\":{\"@id\":\"https:\\\/\\\/www.issekinicho.fr\\\/editions\\\/#\\\/schema\\\/logo\\\/image\\\/\"},\"sameAs\":[\"https:\\\/\\\/www.facebook.com\\\/issekinicho\\\/\",\"https:\\\/\\\/x.com\\\/Isseki_nicho\",\"https:\\\/\\\/www.instagram.com\\\/isseki_nicho\\\/\",\"https:\\\/\\\/fr.pinterest.com\\\/issekinicho\\\/\",\"https:\\\/\\\/www.youtube.com\\\/user\\\/issekinicho\"]}]}<\/script>\n<!-- \/ Yoast SEO plugin. -->","yoast_head_json":{"title":"Dessine le Japon Kawaii &#8226; Editions Issekinicho","description":"Dessine le Japon kawaii ! Niniwanted te guidera pas \u00e0 pas pour dessiner plein d'objets japonais : nourriture, animaux, v\u00eatements, les saisons\u2026","robots":{"index":"index","follow":"follow","max-snippet":"max-snippet:-1","max-image-preview":"max-image-preview:large","max-video-preview":"max-video-preview:-1"},"canonical":"https:\/\/www.issekinicho.fr\/editions\/produit\/dessine-le-japon-kawaii\/","og_locale":"fr_FR","og_type":"article","og_title":"Dessine le Japon Kawaii &#8226; Editions Issekinicho","og_description":"Dessine le Japon kawaii ! Niniwanted te guidera pas \u00e0 pas pour dessiner plein d'objets japonais : nourriture, animaux, v\u00eatements, les saisons\u2026","og_url":"https:\/\/www.issekinicho.fr\/editions\/produit\/dessine-le-japon-kawaii\/","og_site_name":"Editions Issekinicho","article_publisher":"https:\/\/www.facebook.com\/issekinicho\/","article_modified_time":"2026-04-25T12:54:41+00:00","og_image":[{"width":800,"height":973,"url":"https:\/\/www.issekinicho.fr\/editions\/wp-content\/uploads\/2023\/08\/dessine_japon_kawaii_niniwanted_02.webp","type":"image\/webp"}],"twitter_card":"summary_large_image","twitter_site":"@Isseki_nicho","twitter_misc":{"Dur\u00e9e de lecture estim\u00e9e":"2 minutes"},"schema":{"@context":"https:\/\/schema.org","@graph":[{"@type":"WebPage","@id":"https:\/\/www.issekinicho.fr\/editions\/produit\/dessine-le-japon-kawaii\/","url":"https:\/\/www.issekinicho.fr\/editions\/produit\/dessine-le-japon-kawaii\/","name":"Dessine le Japon Kawaii &#8226; Editions Issekinicho","isPartOf":{"@id":"https:\/\/www.issekinicho.fr\/editions\/#website"},"primaryImageOfPage":{"@id":"https:\/\/www.issekinicho.fr\/editions\/produit\/dessine-le-japon-kawaii\/#primaryimage"},"image":{"@id":"https:\/\/www.issekinicho.fr\/editions\/produit\/dessine-le-japon-kawaii\/#primaryimage"},"thumbnailUrl":"https:\/\/www.issekinicho.fr\/editions\/wp-content\/uploads\/2023\/08\/dessine_japon_kawaii_niniwanted_02.webp","datePublished":"2019-01-07T11:00:35+00:00","dateModified":"2026-04-25T12:54:41+00:00","description":"Dessine le Japon kawaii ! Niniwanted te guidera pas \u00e0 pas pour dessiner plein d'objets japonais : nourriture, animaux, v\u00eatements, les saisons\u2026","breadcrumb":{"@id":"https:\/\/www.issekinicho.fr\/editions\/produit\/dessine-le-japon-kawaii\/#breadcrumb"},"inLanguage":"fr-FR","potentialAction":[{"@type":"ReadAction","target":["https:\/\/www.issekinicho.fr\/editions\/produit\/dessine-le-japon-kawaii\/"]}]},{"@type":"ImageObject","inLanguage":"fr-FR","@id":"https:\/\/www.issekinicho.fr\/editions\/produit\/dessine-le-japon-kawaii\/#primaryimage","url":"https:\/\/www.issekinicho.fr\/editions\/wp-content\/uploads\/2023\/08\/dessine_japon_kawaii_niniwanted_02.webp","contentUrl":"https:\/\/www.issekinicho.fr\/editions\/wp-content\/uploads\/2023\/08\/dessine_japon_kawaii_niniwanted_02.webp","width":800,"height":973,"caption":"Livre Dessine le Japon kawaii avec Niniwanted, un livre pour enfant pour apprendre \u00e0 dessiner des objets mignons japonais"},{"@type":"BreadcrumbList","@id":"https:\/\/www.issekinicho.fr\/editions\/produit\/dessine-le-japon-kawaii\/#breadcrumb","itemListElement":[{"@type":"ListItem","position":1,"name":"Catalogue","item":"https:\/\/www.issekinicho.fr\/editions\/"},{"@type":"ListItem","position":2,"name":"Produits","item":"https:\/\/www.issekinicho.fr\/editions\/shop\/"},{"@type":"ListItem","position":3,"name":"Dessine le Japon Kawaii"}]},{"@type":"WebSite","@id":"https:\/\/www.issekinicho.fr\/editions\/#website","url":"https:\/\/www.issekinicho.fr\/editions\/","name":"Editions Issekinicho","description":"Livres jeunesse, BD et guides sur le Japon","publisher":{"@id":"https:\/\/www.issekinicho.fr\/editions\/#organization"},"potentialAction":[{"@type":"SearchAction","target":{"@type":"EntryPoint","urlTemplate":"https:\/\/www.issekinicho.fr\/editions\/?s={search_term_string}"},"query-input":{"@type":"PropertyValueSpecification","valueRequired":true,"valueName":"search_term_string"}}],"inLanguage":"fr-FR"},{"@type":"Organization","@id":"https:\/\/www.issekinicho.fr\/editions\/#organization","name":"Editions ISSEKINICHO","url":"https:\/\/www.issekinicho.fr\/editions\/","logo":{"@type":"ImageObject","inLanguage":"fr-FR","@id":"https:\/\/www.issekinicho.fr\/editions\/#\/schema\/logo\/image\/","url":"https:\/\/www.issekinicho.fr\/editions\/wp-content\/uploads\/2013\/07\/logo_v3_01_vignette.webp","contentUrl":"https:\/\/www.issekinicho.fr\/editions\/wp-content\/uploads\/2013\/07\/logo_v3_01_vignette.webp","width":74,"height":100,"caption":"Editions ISSEKINICHO"},"image":{"@id":"https:\/\/www.issekinicho.fr\/editions\/#\/schema\/logo\/image\/"},"sameAs":["https:\/\/www.facebook.com\/issekinicho\/","https:\/\/x.com\/Isseki_nicho","https:\/\/www.instagram.com\/isseki_nicho\/","https:\/\/fr.pinterest.com\/issekinicho\/","https:\/\/www.youtube.com\/user\/issekinicho"]}]}},"_links":{"self":[{"href":"https:\/\/www.issekinicho.fr\/editions\/wp-json\/wp\/v2\/product\/31415","targetHints":{"allow":["GET"]}}],"collection":[{"href":"https:\/\/www.issekinicho.fr\/editions\/wp-json\/wp\/v2\/product"}],"about":[{"href":"https:\/\/www.issekinicho.fr\/editions\/wp-json\/wp\/v2\/types\/product"}],"version-history":[{"count":0,"href":"https:\/\/www.issekinicho.fr\/editions\/wp-json\/wp\/v2\/product\/31415\/revisions"}],"wp:featuredmedia":[{"embeddable":true,"href":"https:\/\/www.issekinicho.fr\/editions\/wp-json\/wp\/v2\/media\/35512"}],"wp:attachment":[{"href":"https:\/\/www.issekinicho.fr\/editions\/wp-json\/wp\/v2\/media?parent=31415"}],"wp:term":[{"taxonomy":"product_brand","embeddable":true,"href":"https:\/\/www.issekinicho.fr\/editions\/wp-json\/wp\/v2\/product_brand?post=31415"},{"taxonomy":"product_cat","embeddable":true,"href":"https:\/\/www.issekinicho.fr\/editions\/wp-json\/wp\/v2\/product_cat?post=31415"},{"taxonomy":"product_tag","embeddable":true,"href":"https:\/\/www.issekinicho.fr\/editions\/wp-json\/wp\/v2\/product_tag?post=31415"}],"curies":[{"name":"wp","href":"https:\/\/api.w.org\/{rel}","templated":true}]}}