{"id":272,"date":"2013-07-23T14:28:58","date_gmt":"2013-07-23T13:28:58","guid":{"rendered":"https:\/\/www.issekinicho.fr\/editions\/?page_id=272"},"modified":"2021-01-20T13:02:07","modified_gmt":"2021-01-20T12:02:07","slug":"mentions-legales","status":"publish","type":"page","link":"https:\/\/www.issekinicho.fr\/editions\/mentions-legales\/","title":{"rendered":"Mentions l\u00e9gales"},"content":{"rendered":"<p><em><strong>Si\u00e8ge social<\/strong><\/em>\u00a0\u00a0 \u00c9ditions Issekinicho &#8211; 9 rue Perle &#8211; 67300 Schiltigheim<br \/>\n<em><strong>Statut<\/strong><\/em>\u00a0\u00a0 SARL au capital de 8500\u20ac<br \/>\n<em><strong>Num\u00e9ro SIRET<\/strong><\/em>\u00a0\u00a0 794 641 993 000 13<br \/>\n<em><strong>T\u00e9l\u00e9phone<\/strong><\/em>\u00a0\u00a0 03 67 97 03 56<br \/>\n<em><strong>Mail<\/strong><\/em>\u00a0\u00a0 <a href=\"mailto:contact@issekinicho.fr\">contact[at]issekinicho.fr<\/a><\/p>\n<p><em>Ce site a \u00e9t\u00e9 cr\u00e9\u00e9 avec <a href=\"https:\/\/wordpress.com\/fr\/\" target=\"_blank\" rel=\"noopener\">WordPress<\/a> et <a href=\"https:\/\/woocommerce.com\/\" target=\"_blank\" rel=\"noopener\">WooCommerce<\/a> <\/em><\/p>\n","protected":false},"excerpt":{"rendered":"<p>Si\u00e8ge social\u00a0\u00a0 \u00c9ditions Issekinicho &#8211; 9 rue Perle &#8211; 67300 Schiltigheim Statut\u00a0\u00a0 SARL au capital de 8500\u20ac Num\u00e9ro SIRET\u00a0\u00a0 794 641 993 000 13 T\u00e9l\u00e9phone\u00a0\u00a0 03 67 97 03 56 Mail\u00a0\u00a0 contact[at]issekinicho.fr Ce site a \u00e9t\u00e9 cr\u00e9\u00e9 avec WordPress et WooCommerce<\/p>\n","protected":false},"author":3021,"featured_media":0,"parent":0,"menu_order":23,"comment_status":"closed","ping_status":"open","template":"","meta":{"footnotes":""},"class_list":["post-272","page","type-page","status-publish","hentry"],"yoast_head":"<!-- This site is optimized with the Yoast SEO plugin v27.4 - https:\/\/yoast.com\/product\/yoast-seo-wordpress\/ -->\n<title>Mentions l\u00e9gales &#8226; Editions Issekinicho<\/title>\n<meta name=\"robots\" content=\"index, follow, max-snippet:-1, max-image-preview:large, max-video-preview:-1\" \/>\n<link rel=\"canonical\" href=\"https:\/\/www.issekinicho.fr\/editions\/mentions-legales\/\" \/>\n<meta property=\"og:locale\" content=\"fr_FR\" \/>\n<meta property=\"og:type\" content=\"article\" \/>\n<meta property=\"og:title\" content=\"Mentions l\u00e9gales &#8226; Editions Issekinicho\" \/>\n<meta property=\"og:description\" content=\"Si\u00e8ge social\u00a0\u00a0 \u00c9ditions Issekinicho &#8211; 9 rue Perle &#8211; 67300 Schiltigheim Statut\u00a0\u00a0 SARL au capital de 8500\u20ac Num\u00e9ro SIRET\u00a0\u00a0 794 641 993 000 13 T\u00e9l\u00e9phone\u00a0\u00a0 03 67 97 03 56 Mail\u00a0\u00a0 contact[at]issekinicho.fr Ce site a \u00e9t\u00e9 cr\u00e9\u00e9 avec WordPress et WooCommerce\" \/>\n<meta property=\"og:url\" content=\"https:\/\/www.issekinicho.fr\/editions\/mentions-legales\/\" \/>\n<meta property=\"og:site_name\" content=\"Editions Issekinicho\" \/>\n<meta property=\"article:publisher\" content=\"https:\/\/www.facebook.com\/issekinicho\/\" \/>\n<meta property=\"article:modified_time\" content=\"2021-01-20T12:02:07+00:00\" \/>\n<meta name=\"twitter:card\" content=\"summary_large_image\" \/>\n<meta name=\"twitter:site\" content=\"@Isseki_nicho\" \/>\n<meta name=\"twitter:label1\" content=\"Dur\u00e9e de lecture estim\u00e9e\" \/>\n\t<meta name=\"twitter:data1\" content=\"1 minute\" \/>\n<script type=\"application\/ld+json\" class=\"yoast-schema-graph\">{\"@context\":\"https:\\\/\\\/schema.org\",\"@graph\":[{\"@type\":\"WebPage\",\"@id\":\"https:\\\/\\\/www.issekinicho.fr\\\/editions\\\/mentions-legales\\\/\",\"url\":\"https:\\\/\\\/www.issekinicho.fr\\\/editions\\\/mentions-legales\\\/\",\"name\":\"Mentions l\u00e9gales &#8226; Editions Issekinicho\",\"isPartOf\":{\"@id\":\"https:\\\/\\\/www.issekinicho.fr\\\/editions\\\/#website\"},\"datePublished\":\"2013-07-23T13:28:58+00:00\",\"dateModified\":\"2021-01-20T12:02:07+00:00\",\"breadcrumb\":{\"@id\":\"https:\\\/\\\/www.issekinicho.fr\\\/editions\\\/mentions-legales\\\/#breadcrumb\"},\"inLanguage\":\"fr-FR\",\"potentialAction\":[{\"@type\":\"ReadAction\",\"target\":[\"https:\\\/\\\/www.issekinicho.fr\\\/editions\\\/mentions-legales\\\/\"]}]},{\"@type\":\"BreadcrumbList\",\"@id\":\"https:\\\/\\\/www.issekinicho.fr\\\/editions\\\/mentions-legales\\\/#breadcrumb\",\"itemListElement\":[{\"@type\":\"ListItem\",\"position\":1,\"name\":\"Catalogue\",\"item\":\"https:\\\/\\\/www.issekinicho.fr\\\/editions\\\/\"},{\"@type\":\"ListItem\",\"position\":2,\"name\":\"Mentions l\u00e9gales\"}]},{\"@type\":\"WebSite\",\"@id\":\"https:\\\/\\\/www.issekinicho.fr\\\/editions\\\/#website\",\"url\":\"https:\\\/\\\/www.issekinicho.fr\\\/editions\\\/\",\"name\":\"Editions Issekinicho\",\"description\":\"Livres jeunesse, BD et guides sur le Japon\",\"publisher\":{\"@id\":\"https:\\\/\\\/www.issekinicho.fr\\\/editions\\\/#organization\"},\"potentialAction\":[{\"@type\":\"SearchAction\",\"target\":{\"@type\":\"EntryPoint\",\"urlTemplate\":\"https:\\\/\\\/www.issekinicho.fr\\\/editions\\\/?s={search_term_string}\"},\"query-input\":{\"@type\":\"PropertyValueSpecification\",\"valueRequired\":true,\"valueName\":\"search_term_string\"}}],\"inLanguage\":\"fr-FR\"},{\"@type\":\"Organization\",\"@id\":\"https:\\\/\\\/www.issekinicho.fr\\\/editions\\\/#organization\",\"name\":\"Editions ISSEKINICHO\",\"url\":\"https:\\\/\\\/www.issekinicho.fr\\\/editions\\\/\",\"logo\":{\"@type\":\"ImageObject\",\"inLanguage\":\"fr-FR\",\"@id\":\"https:\\\/\\\/www.issekinicho.fr\\\/editions\\\/#\\\/schema\\\/logo\\\/image\\\/\",\"url\":\"https:\\\/\\\/www.issekinicho.fr\\\/editions\\\/wp-content\\\/uploads\\\/2013\\\/07\\\/logo_v3_01_vignette.webp\",\"contentUrl\":\"https:\\\/\\\/www.issekinicho.fr\\\/editions\\\/wp-content\\\/uploads\\\/2013\\\/07\\\/logo_v3_01_vignette.webp\",\"width\":74,\"height\":100,\"caption\":\"Editions ISSEKINICHO\"},\"image\":{\"@id\":\"https:\\\/\\\/www.issekinicho.fr\\\/editions\\\/#\\\/schema\\\/logo\\\/image\\\/\"},\"sameAs\":[\"https:\\\/\\\/www.facebook.com\\\/issekinicho\\\/\",\"https:\\\/\\\/x.com\\\/Isseki_nicho\",\"https:\\\/\\\/www.instagram.com\\\/isseki_nicho\\\/\",\"https:\\\/\\\/fr.pinterest.com\\\/issekinicho\\\/\",\"https:\\\/\\\/www.youtube.com\\\/user\\\/issekinicho\"]}]}<\/script>\n<!-- \/ Yoast SEO plugin. -->","yoast_head_json":{"title":"Mentions l\u00e9gales &#8226; Editions Issekinicho","robots":{"index":"index","follow":"follow","max-snippet":"max-snippet:-1","max-image-preview":"max-image-preview:large","max-video-preview":"max-video-preview:-1"},"canonical":"https:\/\/www.issekinicho.fr\/editions\/mentions-legales\/","og_locale":"fr_FR","og_type":"article","og_title":"Mentions l\u00e9gales &#8226; Editions Issekinicho","og_description":"Si\u00e8ge social\u00a0\u00a0 \u00c9ditions Issekinicho &#8211; 9 rue Perle &#8211; 67300 Schiltigheim Statut\u00a0\u00a0 SARL au capital de 8500\u20ac Num\u00e9ro SIRET\u00a0\u00a0 794 641 993 000 13 T\u00e9l\u00e9phone\u00a0\u00a0 03 67 97 03 56 Mail\u00a0\u00a0 contact[at]issekinicho.fr Ce site a \u00e9t\u00e9 cr\u00e9\u00e9 avec WordPress et WooCommerce","og_url":"https:\/\/www.issekinicho.fr\/editions\/mentions-legales\/","og_site_name":"Editions Issekinicho","article_publisher":"https:\/\/www.facebook.com\/issekinicho\/","article_modified_time":"2021-01-20T12:02:07+00:00","twitter_card":"summary_large_image","twitter_site":"@Isseki_nicho","twitter_misc":{"Dur\u00e9e de lecture estim\u00e9e":"1 minute"},"schema":{"@context":"https:\/\/schema.org","@graph":[{"@type":"WebPage","@id":"https:\/\/www.issekinicho.fr\/editions\/mentions-legales\/","url":"https:\/\/www.issekinicho.fr\/editions\/mentions-legales\/","name":"Mentions l\u00e9gales &#8226; Editions Issekinicho","isPartOf":{"@id":"https:\/\/www.issekinicho.fr\/editions\/#website"},"datePublished":"2013-07-23T13:28:58+00:00","dateModified":"2021-01-20T12:02:07+00:00","breadcrumb":{"@id":"https:\/\/www.issekinicho.fr\/editions\/mentions-legales\/#breadcrumb"},"inLanguage":"fr-FR","potentialAction":[{"@type":"ReadAction","target":["https:\/\/www.issekinicho.fr\/editions\/mentions-legales\/"]}]},{"@type":"BreadcrumbList","@id":"https:\/\/www.issekinicho.fr\/editions\/mentions-legales\/#breadcrumb","itemListElement":[{"@type":"ListItem","position":1,"name":"Catalogue","item":"https:\/\/www.issekinicho.fr\/editions\/"},{"@type":"ListItem","position":2,"name":"Mentions l\u00e9gales"}]},{"@type":"WebSite","@id":"https:\/\/www.issekinicho.fr\/editions\/#website","url":"https:\/\/www.issekinicho.fr\/editions\/","name":"Editions Issekinicho","description":"Livres jeunesse, BD et guides sur le Japon","publisher":{"@id":"https:\/\/www.issekinicho.fr\/editions\/#organization"},"potentialAction":[{"@type":"SearchAction","target":{"@type":"EntryPoint","urlTemplate":"https:\/\/www.issekinicho.fr\/editions\/?s={search_term_string}"},"query-input":{"@type":"PropertyValueSpecification","valueRequired":true,"valueName":"search_term_string"}}],"inLanguage":"fr-FR"},{"@type":"Organization","@id":"https:\/\/www.issekinicho.fr\/editions\/#organization","name":"Editions ISSEKINICHO","url":"https:\/\/www.issekinicho.fr\/editions\/","logo":{"@type":"ImageObject","inLanguage":"fr-FR","@id":"https:\/\/www.issekinicho.fr\/editions\/#\/schema\/logo\/image\/","url":"https:\/\/www.issekinicho.fr\/editions\/wp-content\/uploads\/2013\/07\/logo_v3_01_vignette.webp","contentUrl":"https:\/\/www.issekinicho.fr\/editions\/wp-content\/uploads\/2013\/07\/logo_v3_01_vignette.webp","width":74,"height":100,"caption":"Editions ISSEKINICHO"},"image":{"@id":"https:\/\/www.issekinicho.fr\/editions\/#\/schema\/logo\/image\/"},"sameAs":["https:\/\/www.facebook.com\/issekinicho\/","https:\/\/x.com\/Isseki_nicho","https:\/\/www.instagram.com\/isseki_nicho\/","https:\/\/fr.pinterest.com\/issekinicho\/","https:\/\/www.youtube.com\/user\/issekinicho"]}]}},"_links":{"self":[{"href":"https:\/\/www.issekinicho.fr\/editions\/wp-json\/wp\/v2\/pages\/272","targetHints":{"allow":["GET"]}}],"collection":[{"href":"https:\/\/www.issekinicho.fr\/editions\/wp-json\/wp\/v2\/pages"}],"about":[{"href":"https:\/\/www.issekinicho.fr\/editions\/wp-json\/wp\/v2\/types\/page"}],"author":[{"embeddable":true,"href":"https:\/\/www.issekinicho.fr\/editions\/wp-json\/wp\/v2\/users\/3021"}],"replies":[{"embeddable":true,"href":"https:\/\/www.issekinicho.fr\/editions\/wp-json\/wp\/v2\/comments?post=272"}],"version-history":[{"count":0,"href":"https:\/\/www.issekinicho.fr\/editions\/wp-json\/wp\/v2\/pages\/272\/revisions"}],"wp:attachment":[{"href":"https:\/\/www.issekinicho.fr\/editions\/wp-json\/wp\/v2\/media?parent=272"}],"curies":[{"name":"wp","href":"https:\/\/api.w.org\/{rel}","templated":true}]}}