{"id":11517,"date":"2020-10-27T10:52:16","date_gmt":"2020-10-27T09:52:16","guid":{"rendered":"https:\/\/www.issekinicho.fr\/editions\/?page_id=11517"},"modified":"2025-02-15T12:49:32","modified_gmt":"2025-02-15T11:49:32","slug":"biblio-libraires","status":"publish","type":"page","link":"https:\/\/www.issekinicho.fr\/editions\/pages-pro\/biblio-libraires\/","title":{"rendered":"Recevoir notre catalogue pro"},"content":{"rendered":"\t\t<div data-elementor-type=\"wp-page\" data-elementor-id=\"11517\" class=\"elementor elementor-11517\" data-elementor-post-type=\"page\">\n\t\t\t\t\t\t<section class=\"elementor-section elementor-top-section elementor-element elementor-element-746c6a67 elementor-section-boxed elementor-section-height-default elementor-section-height-default\" data-id=\"746c6a67\" data-element_type=\"section\" data-e-type=\"section\">\n\t\t\t\t\t\t<div class=\"elementor-container elementor-column-gap-default\">\n\t\t\t\t\t<div class=\"elementor-column elementor-col-100 elementor-top-column elementor-element elementor-element-5f76dc20\" data-id=\"5f76dc20\" data-element_type=\"column\" data-e-type=\"column\">\n\t\t\t<div class=\"elementor-widget-wrap elementor-element-populated\">\n\t\t\t\t\t\t<div class=\"elementor-element elementor-element-23db8be7 elementor-widget elementor-widget-text-editor\" data-id=\"23db8be7\" data-element_type=\"widget\" data-e-type=\"widget\" data-widget_type=\"text-editor.default\">\n\t\t\t\t<div class=\"elementor-widget-container\">\n\t\t\t\t\t\t\t\t\t<p><\/p>\n<p style=\"text-align: center;\">Vous \u00eates biblioth\u00e9caire, libraire ou travaillez pour un \u00e9tablissement qui commande des livres ?<\/p>\n<p style=\"text-align: center;\">Inscrivez-vous ci-dessous pour recevoir <br><strong><span style=\"font-size: 14pt;\">notre catalogue papier 2024<\/span><\/strong><\/p>\n<p style=\"text-align: center;\"><i>Il n&rsquo;est pas n\u00e9cessaire de renouveler votre inscription chaque ann\u00e9e<strong><br><\/strong><\/i><\/p>\n<p><\/p>\n<p><\/p>\n<figure><img decoding=\"async\" src=\"https:\/\/www.issekinicho.fr\/editions\/wp-content\/uploads\/2020\/10\/catalogue_all.webp\" alt=\"catalogue pro editions issekinicho\"><\/figure>\n<p><\/p>\n<p><\/p>\n<p><\/p>\n<p><\/p>\n<div class=\"wpforms-container wpforms-container-full\" id=\"wpforms-15463\">\n<form id=\"wpforms-form-15463\" class=\"wpforms-validate wpforms-form wpforms-ajax-form\" data-formid=\"15463\" method=\"post\" enctype=\"multipart\/form-data\" action=\"\/editions\/wp-json\/wp\/v2\/pages\/11517\" data-token=\"f097ba7a02fffbe19fb605c7f68ad205\" data-token-time=\"1778043031\"><noscript class=\"wpforms-error-noscript\">Veuillez activer JavaScript dans votre navigateur pour remplir ce formulaire.<\/noscript><\/p>\n<div class=\"wpforms-field-container\">\n<div id=\"wpforms-15463-field_3-container\" class=\"wpforms-field wpforms-field-radio\" data-field-id=\"3\"><label class=\"wpforms-field-label\">Type d&#039;\u00e9tablissement  <span class=\"wpforms-required-label\">*<\/span><\/label><\/p>\n<ul id=\"wpforms-15463-field_3\" class=\"wpforms-field-required\">\n<li class=\"choice-1 depth-1\"><input type=\"radio\" id=\"wpforms-15463-field_3_1\" name=\"wpforms[fields][3]\" value=\"Librairie\" required ><label class=\"wpforms-field-label-inline\" for=\"wpforms-15463-field_3_1\">Librairie<\/label><\/li>\n<li class=\"choice-2 depth-1\"><input type=\"radio\" id=\"wpforms-15463-field_3_2\" name=\"wpforms[fields][3]\" value=\"Biblioth\u00e8que \/ M\u00e9diath\u00e8que\" required ><label class=\"wpforms-field-label-inline\" for=\"wpforms-15463-field_3_2\">Biblioth\u00e8que \/ M\u00e9diath\u00e8que<\/label><\/li>\n<li class=\"choice-3 depth-1\"><input type=\"radio\" id=\"wpforms-15463-field_3_3\" name=\"wpforms[fields][3]\" value=\"CDI d&#039;\u00e9tablissement scolaire\" required ><label class=\"wpforms-field-label-inline\" for=\"wpforms-15463-field_3_3\">CDI d&rsquo;\u00e9tablissement scolaire<\/label><\/li>\n<li class=\"choice-4 depth-1\"><input type=\"radio\" id=\"wpforms-15463-field_3_4\" name=\"wpforms[fields][3]\" value=\"Boutique, magasin sp\u00e9cialis\u00e9\" required ><label class=\"wpforms-field-label-inline\" for=\"wpforms-15463-field_3_4\">Boutique, magasin sp\u00e9cialis\u00e9<\/label><\/li>\n<\/ul>\n<\/div>\n<div id=\"wpforms-15463-field_5-container\" class=\"wpforms-field wpforms-field-text\" data-field-id=\"5\"><label class=\"wpforms-field-label\" for=\"wpforms-15463-field_5\">Nom de l&#039;\u00e9tablissement <span class=\"wpforms-required-label\">*<\/span><\/label><input type=\"text\" id=\"wpforms-15463-field_5\" class=\"wpforms-field-medium wpforms-field-required\" name=\"wpforms[fields][5]\" required><\/p>\n<div class=\"wpforms-field-description\"><i>ex : M\u00e9diath\u00e8que George Sand, Lyc\u00e9e Pasteur\u2026<\/i><\/div>\n<\/div>\n<div id=\"wpforms-15463-field_0-container\" class=\"wpforms-field wpforms-field-name\" data-field-id=\"0\"><label class=\"wpforms-field-label\" for=\"wpforms-15463-field_0\">Nom <span class=\"wpforms-required-label\">*<\/span><\/label><input type=\"text\" id=\"wpforms-15463-field_0\" class=\"wpforms-field-medium wpforms-field-required\" name=\"wpforms[fields][0]\" required><\/div>\n<div id=\"wpforms-15463-field_4-container\" class=\"wpforms-field wpforms-field-name\" data-field-id=\"4\"><label class=\"wpforms-field-label\" for=\"wpforms-15463-field_4\">Pr\u00e9nom <span class=\"wpforms-required-label\">*<\/span><\/label><input type=\"text\" id=\"wpforms-15463-field_4\" class=\"wpforms-field-medium wpforms-field-required\" name=\"wpforms[fields][4]\" required><\/div>\n<div id=\"wpforms-15463-field_1-container\" class=\"wpforms-field wpforms-field-email\" data-field-id=\"1\"><label class=\"wpforms-field-label\" for=\"wpforms-15463-field_1\">Email <span class=\"wpforms-required-label\">*<\/span><\/label><input type=\"email\" id=\"wpforms-15463-field_1\" class=\"wpforms-field-medium wpforms-field-required\" name=\"wpforms[fields][1]\" spellcheck=\"false\" required><\/div>\n<div id=\"wpforms-15463-field_2-container\" class=\"wpforms-field wpforms-field-textarea\" data-field-id=\"2\"><label class=\"wpforms-field-label\" for=\"wpforms-15463-field_2\">Adresse postale de l&#039;\u00e9tablissement <span class=\"wpforms-required-label\">*<\/span><\/label><textarea id=\"wpforms-15463-field_2\" class=\"wpforms-field-small wpforms-field-required\" name=\"wpforms[fields][2]\" required><\/textarea><\/p>\n<div class=\"wpforms-field-description\"><i>Merci d&rsquo;indiquer pr\u00e9cis\u00e9ment l&rsquo;adresse postale de l&rsquo;\u00e9tablissement (pas d&rsquo;adresse personelle) pour recevoir notre catalogue papier.<\/br><br \/>\nLe catalogue sera accompagn\u00e9 de quelques marques-pages, mais nous ne pouvons pas vous en envoyer en grande quantit\u00e9, merci de votre compr\u00e9hension.<\/i><\/div>\n<\/div>\n<\/div>\n<p><!-- .wpforms-field-container --><\/p>\n<div class=\"wpforms-submit-container\" ><input type=\"hidden\" name=\"wpforms[id]\" value=\"15463\"><input type=\"hidden\" name=\"page_title\" value=\"\"><input type=\"hidden\" name=\"page_url\" value=\"https:\/\/www.issekinicho.fr\/editions\/wp-json\/wp\/v2\/pages\/11517\"><input type=\"hidden\" name=\"url_referer\" value=\"\"><button type=\"submit\" name=\"wpforms[submit]\" id=\"wpforms-submit-15463\" class=\"wpforms-submit\" data-alt-text=\"En cours d&#039;envoi\u2026\" data-submit-text=\"Envoyer\" aria-live=\"assertive\" value=\"wpforms-submit\">Envoyer<\/button><img decoding=\"async\" src=\"https:\/\/www.issekinicho.fr\/editions\/wp-content\/plugins\/wpforms-lite\/assets\/images\/submit-spin.svg\" class=\"wpforms-submit-spinner\" style=\"display: none;\" width=\"26\" height=\"26\" alt=\"Chargement en cours\"><\/div>\n<\/form>\n<\/div>\n<p>  <!-- .wpforms-container --><\/p>\n<p>\n<\/p>\n<p><\/p>\n<p><\/p>\n<hr>\n<p><\/p>\n<p><\/p>\n<h4 class=\"wp-block-heading\">INFOS Diffusion \/ Distribution<\/h4>\n<p><\/p>\n<p><\/p>\n<p>Pour toute question concernant la diffusion et la distribution de nos titres, vous pouvez contacter notre diffuseur CED et notre distributeur POLLEN.<\/p>\n<p><\/p>\n<p><\/p>\n<figure>\n<table>\n<tbody>\n<tr>\n<td><strong>Diffusion C.E.D<\/strong> <br>01 46 58 38 40 <br><a href=\"http:\/\/www.diffusion-ced-cedif.com\" target=\"_blank\" rel=\"noreferrer noopener\">www.diffusion-ced-cedif.com<\/a><\/td>\n<td><strong>Distribution Pollen<\/strong> <br>01 43 58 74 11 <br><a href=\"https:\/\/www.pollen-difpop.com\/\" target=\"_blank\" rel=\"noreferrer noopener\">www.pollen-difpop.com<\/a><\/td>\n<\/tr>\n<\/tbody>\n<\/table>\n<\/figure>\n<p><\/p>\n<p><\/p>\n<hr>\n<p><\/p>\n<p><\/p>\n<h4 class=\"wp-block-heading\" style=\"text-align: center;\">Consultez ci-dessous<br>notre catalogue 2024<\/h4>\n<p><span style=\"caret-color: #3c434a; color: #3c434a; font-family: Consolas, Monaco, monospace; font-size: 14px; background-color: rgba(0, 0, 0, 0.07);\"><div class=\"_df_book df-lite\" id=\"df_32584\"  _slug=\"catalogue-2024\" data-title=\"catalogue-2024\" wpoptions=\"true\" thumbtype=\"img\" ><\/div><script class=\"df-shortcode-script\" nowprocket type=\"application\/javascript\">window.option_df_32584 = {\"outline\":[],\"autoEnableOutline\":\"false\",\"autoEnableThumbnail\":\"false\",\"overwritePDFOutline\":\"false\",\"enableDownload\":\"true\",\"direction\":\"1\",\"pageMode\":\"0\",\"source\":\"https:\\\/\\\/www.issekinicho.fr\\\/editions\\\/wp-content\\\/uploads\\\/2024\\\/02\\\/catalogue_lib_med_2024_F.pdf\",\"wpOptions\":\"true\"}; if(window.DFLIP && window.DFLIP.parseBooks){window.DFLIP.parseBooks();}<\/script><\/span><\/p>\n<p><\/p>\n<div>\n<div>\n<div style=\"background-image: url('moz-extension:\/\/2147de25-70d9-e540-ada9-be18d7881ea8\/icons\/512.png'); height: 22px; width: 22px; top: 292px; left: 458px;\">&nbsp;<\/div>\n<div style=\"width: 300px; height: 200px; top: 0px; left: 0px; font-size: 13px; background-color: #ffffff;\">\n<div style=\"overflow: hidden;\">\n<div draggable=\"true\">&nbsp;<\/div>\n<div>\n<p dir=\"auto\" style=\"color: #000000;\">\n<\/p><p dir=\"auto\" style=\"color: #737373;\">\n<\/p><\/div>\n<\/div>\n<\/div>\n<\/div>\n<\/div>\t\t\t\t\t\t\t\t<\/div>\n\t\t\t\t<\/div>\n\t\t\t\t\t<\/div>\n\t\t<\/div>\n\t\t\t\t\t<\/div>\n\t\t<\/section>\n\t\t\t\t<\/div>\n\t\t","protected":false},"excerpt":{"rendered":"<p>Vous \u00eates biblioth\u00e9caire, libraire ou travaillez pour un \u00e9tablissement qui commande des livres ? Inscrivez-vous ci-dessous pour recevoir notre catalogue papier 2024 Il n&rsquo;est pas n\u00e9cessaire de renouveler votre inscription chaque ann\u00e9e INFOS Diffusion \/ Distribution Pour toute question concernant la diffusion et la distribution de nos titres, vous pouvez contacter notre diffuseur CED et [&hellip;]<\/p>\n","protected":false},"author":3021,"featured_media":0,"parent":11349,"menu_order":0,"comment_status":"closed","ping_status":"closed","template":"","meta":{"footnotes":""},"class_list":["post-11517","page","type-page","status-publish","hentry"],"yoast_head":"<!-- This site is optimized with the Yoast SEO plugin v27.4 - https:\/\/yoast.com\/product\/yoast-seo-wordpress\/ -->\n<title>Recevoir notre catalogue pro &#8226; Editions Issekinicho<\/title>\n<meta name=\"robots\" content=\"index, follow, max-snippet:-1, max-image-preview:large, max-video-preview:-1\" \/>\n<link rel=\"canonical\" href=\"https:\/\/www.issekinicho.fr\/editions\/pages-pro\/biblio-libraires\/\" \/>\n<meta property=\"og:locale\" content=\"fr_FR\" \/>\n<meta property=\"og:type\" content=\"article\" \/>\n<meta property=\"og:title\" content=\"Recevoir notre catalogue pro &#8226; Editions Issekinicho\" \/>\n<meta property=\"og:description\" content=\"Vous \u00eates biblioth\u00e9caire, libraire ou travaillez pour un \u00e9tablissement qui commande des livres ? Inscrivez-vous ci-dessous pour recevoir notre catalogue papier 2024 Il n&rsquo;est pas n\u00e9cessaire de renouveler votre inscription chaque ann\u00e9e INFOS Diffusion \/ Distribution Pour toute question concernant la diffusion et la distribution de nos titres, vous pouvez contacter notre diffuseur CED et [&hellip;]\" \/>\n<meta property=\"og:url\" content=\"https:\/\/www.issekinicho.fr\/editions\/pages-pro\/biblio-libraires\/\" \/>\n<meta property=\"og:site_name\" content=\"Editions Issekinicho\" \/>\n<meta property=\"article:publisher\" content=\"https:\/\/www.facebook.com\/issekinicho\/\" \/>\n<meta property=\"article:modified_time\" content=\"2025-02-15T11:49:32+00:00\" \/>\n<meta property=\"og:image\" content=\"https:\/\/www.issekinicho.fr\/editions\/wp-content\/uploads\/2020\/10\/catalogue_all.jpg\" \/>\n<meta name=\"twitter:card\" content=\"summary_large_image\" \/>\n<meta name=\"twitter:site\" content=\"@Isseki_nicho\" \/>\n<meta name=\"twitter:label1\" content=\"Dur\u00e9e de lecture estim\u00e9e\" \/>\n\t<meta name=\"twitter:data1\" content=\"1 minute\" \/>\n<script type=\"application\/ld+json\" class=\"yoast-schema-graph\">{\"@context\":\"https:\\\/\\\/schema.org\",\"@graph\":[{\"@type\":\"WebPage\",\"@id\":\"https:\\\/\\\/www.issekinicho.fr\\\/editions\\\/pages-pro\\\/biblio-libraires\\\/\",\"url\":\"https:\\\/\\\/www.issekinicho.fr\\\/editions\\\/pages-pro\\\/biblio-libraires\\\/\",\"name\":\"Recevoir notre catalogue pro &#8226; Editions Issekinicho\",\"isPartOf\":{\"@id\":\"https:\\\/\\\/www.issekinicho.fr\\\/editions\\\/#website\"},\"primaryImageOfPage\":{\"@id\":\"https:\\\/\\\/www.issekinicho.fr\\\/editions\\\/pages-pro\\\/biblio-libraires\\\/#primaryimage\"},\"image\":{\"@id\":\"https:\\\/\\\/www.issekinicho.fr\\\/editions\\\/pages-pro\\\/biblio-libraires\\\/#primaryimage\"},\"thumbnailUrl\":\"https:\\\/\\\/www.issekinicho.fr\\\/editions\\\/wp-content\\\/uploads\\\/2020\\\/10\\\/catalogue_all.webp\",\"datePublished\":\"2020-10-27T09:52:16+00:00\",\"dateModified\":\"2025-02-15T11:49:32+00:00\",\"breadcrumb\":{\"@id\":\"https:\\\/\\\/www.issekinicho.fr\\\/editions\\\/pages-pro\\\/biblio-libraires\\\/#breadcrumb\"},\"inLanguage\":\"fr-FR\",\"potentialAction\":[{\"@type\":\"ReadAction\",\"target\":[\"https:\\\/\\\/www.issekinicho.fr\\\/editions\\\/pages-pro\\\/biblio-libraires\\\/\"]}]},{\"@type\":\"ImageObject\",\"inLanguage\":\"fr-FR\",\"@id\":\"https:\\\/\\\/www.issekinicho.fr\\\/editions\\\/pages-pro\\\/biblio-libraires\\\/#primaryimage\",\"url\":\"https:\\\/\\\/www.issekinicho.fr\\\/editions\\\/wp-content\\\/uploads\\\/2020\\\/10\\\/catalogue_all.webp\",\"contentUrl\":\"https:\\\/\\\/www.issekinicho.fr\\\/editions\\\/wp-content\\\/uploads\\\/2020\\\/10\\\/catalogue_all.webp\",\"width\":886,\"height\":400,\"caption\":\"catalogue pro editions issekinicho\"},{\"@type\":\"BreadcrumbList\",\"@id\":\"https:\\\/\\\/www.issekinicho.fr\\\/editions\\\/pages-pro\\\/biblio-libraires\\\/#breadcrumb\",\"itemListElement\":[{\"@type\":\"ListItem\",\"position\":1,\"name\":\"Catalogue\",\"item\":\"https:\\\/\\\/www.issekinicho.fr\\\/editions\\\/\"},{\"@type\":\"ListItem\",\"position\":2,\"name\":\"Pages pro\",\"item\":\"https:\\\/\\\/www.issekinicho.fr\\\/editions\\\/pages-pro\\\/\"},{\"@type\":\"ListItem\",\"position\":3,\"name\":\"Recevoir notre catalogue pro\"}]},{\"@type\":\"WebSite\",\"@id\":\"https:\\\/\\\/www.issekinicho.fr\\\/editions\\\/#website\",\"url\":\"https:\\\/\\\/www.issekinicho.fr\\\/editions\\\/\",\"name\":\"Editions Issekinicho\",\"description\":\"Livres jeunesse, BD et guides sur le Japon\",\"publisher\":{\"@id\":\"https:\\\/\\\/www.issekinicho.fr\\\/editions\\\/#organization\"},\"potentialAction\":[{\"@type\":\"SearchAction\",\"target\":{\"@type\":\"EntryPoint\",\"urlTemplate\":\"https:\\\/\\\/www.issekinicho.fr\\\/editions\\\/?s={search_term_string}\"},\"query-input\":{\"@type\":\"PropertyValueSpecification\",\"valueRequired\":true,\"valueName\":\"search_term_string\"}}],\"inLanguage\":\"fr-FR\"},{\"@type\":\"Organization\",\"@id\":\"https:\\\/\\\/www.issekinicho.fr\\\/editions\\\/#organization\",\"name\":\"Editions ISSEKINICHO\",\"url\":\"https:\\\/\\\/www.issekinicho.fr\\\/editions\\\/\",\"logo\":{\"@type\":\"ImageObject\",\"inLanguage\":\"fr-FR\",\"@id\":\"https:\\\/\\\/www.issekinicho.fr\\\/editions\\\/#\\\/schema\\\/logo\\\/image\\\/\",\"url\":\"https:\\\/\\\/www.issekinicho.fr\\\/editions\\\/wp-content\\\/uploads\\\/2013\\\/07\\\/logo_v3_01_vignette.webp\",\"contentUrl\":\"https:\\\/\\\/www.issekinicho.fr\\\/editions\\\/wp-content\\\/uploads\\\/2013\\\/07\\\/logo_v3_01_vignette.webp\",\"width\":74,\"height\":100,\"caption\":\"Editions ISSEKINICHO\"},\"image\":{\"@id\":\"https:\\\/\\\/www.issekinicho.fr\\\/editions\\\/#\\\/schema\\\/logo\\\/image\\\/\"},\"sameAs\":[\"https:\\\/\\\/www.facebook.com\\\/issekinicho\\\/\",\"https:\\\/\\\/x.com\\\/Isseki_nicho\",\"https:\\\/\\\/www.instagram.com\\\/isseki_nicho\\\/\",\"https:\\\/\\\/fr.pinterest.com\\\/issekinicho\\\/\",\"https:\\\/\\\/www.youtube.com\\\/user\\\/issekinicho\"]}]}<\/script>\n<!-- \/ Yoast SEO plugin. -->","yoast_head_json":{"title":"Recevoir notre catalogue pro &#8226; Editions Issekinicho","robots":{"index":"index","follow":"follow","max-snippet":"max-snippet:-1","max-image-preview":"max-image-preview:large","max-video-preview":"max-video-preview:-1"},"canonical":"https:\/\/www.issekinicho.fr\/editions\/pages-pro\/biblio-libraires\/","og_locale":"fr_FR","og_type":"article","og_title":"Recevoir notre catalogue pro &#8226; Editions Issekinicho","og_description":"Vous \u00eates biblioth\u00e9caire, libraire ou travaillez pour un \u00e9tablissement qui commande des livres ? Inscrivez-vous ci-dessous pour recevoir notre catalogue papier 2024 Il n&rsquo;est pas n\u00e9cessaire de renouveler votre inscription chaque ann\u00e9e INFOS Diffusion \/ Distribution Pour toute question concernant la diffusion et la distribution de nos titres, vous pouvez contacter notre diffuseur CED et [&hellip;]","og_url":"https:\/\/www.issekinicho.fr\/editions\/pages-pro\/biblio-libraires\/","og_site_name":"Editions Issekinicho","article_publisher":"https:\/\/www.facebook.com\/issekinicho\/","article_modified_time":"2025-02-15T11:49:32+00:00","og_image":[{"url":"https:\/\/www.issekinicho.fr\/editions\/wp-content\/uploads\/2020\/10\/catalogue_all.jpg","type":"","width":"","height":""}],"twitter_card":"summary_large_image","twitter_site":"@Isseki_nicho","twitter_misc":{"Dur\u00e9e de lecture estim\u00e9e":"1 minute"},"schema":{"@context":"https:\/\/schema.org","@graph":[{"@type":"WebPage","@id":"https:\/\/www.issekinicho.fr\/editions\/pages-pro\/biblio-libraires\/","url":"https:\/\/www.issekinicho.fr\/editions\/pages-pro\/biblio-libraires\/","name":"Recevoir notre catalogue pro &#8226; Editions Issekinicho","isPartOf":{"@id":"https:\/\/www.issekinicho.fr\/editions\/#website"},"primaryImageOfPage":{"@id":"https:\/\/www.issekinicho.fr\/editions\/pages-pro\/biblio-libraires\/#primaryimage"},"image":{"@id":"https:\/\/www.issekinicho.fr\/editions\/pages-pro\/biblio-libraires\/#primaryimage"},"thumbnailUrl":"https:\/\/www.issekinicho.fr\/editions\/wp-content\/uploads\/2020\/10\/catalogue_all.webp","datePublished":"2020-10-27T09:52:16+00:00","dateModified":"2025-02-15T11:49:32+00:00","breadcrumb":{"@id":"https:\/\/www.issekinicho.fr\/editions\/pages-pro\/biblio-libraires\/#breadcrumb"},"inLanguage":"fr-FR","potentialAction":[{"@type":"ReadAction","target":["https:\/\/www.issekinicho.fr\/editions\/pages-pro\/biblio-libraires\/"]}]},{"@type":"ImageObject","inLanguage":"fr-FR","@id":"https:\/\/www.issekinicho.fr\/editions\/pages-pro\/biblio-libraires\/#primaryimage","url":"https:\/\/www.issekinicho.fr\/editions\/wp-content\/uploads\/2020\/10\/catalogue_all.webp","contentUrl":"https:\/\/www.issekinicho.fr\/editions\/wp-content\/uploads\/2020\/10\/catalogue_all.webp","width":886,"height":400,"caption":"catalogue pro editions issekinicho"},{"@type":"BreadcrumbList","@id":"https:\/\/www.issekinicho.fr\/editions\/pages-pro\/biblio-libraires\/#breadcrumb","itemListElement":[{"@type":"ListItem","position":1,"name":"Catalogue","item":"https:\/\/www.issekinicho.fr\/editions\/"},{"@type":"ListItem","position":2,"name":"Pages pro","item":"https:\/\/www.issekinicho.fr\/editions\/pages-pro\/"},{"@type":"ListItem","position":3,"name":"Recevoir notre catalogue pro"}]},{"@type":"WebSite","@id":"https:\/\/www.issekinicho.fr\/editions\/#website","url":"https:\/\/www.issekinicho.fr\/editions\/","name":"Editions Issekinicho","description":"Livres jeunesse, BD et guides sur le Japon","publisher":{"@id":"https:\/\/www.issekinicho.fr\/editions\/#organization"},"potentialAction":[{"@type":"SearchAction","target":{"@type":"EntryPoint","urlTemplate":"https:\/\/www.issekinicho.fr\/editions\/?s={search_term_string}"},"query-input":{"@type":"PropertyValueSpecification","valueRequired":true,"valueName":"search_term_string"}}],"inLanguage":"fr-FR"},{"@type":"Organization","@id":"https:\/\/www.issekinicho.fr\/editions\/#organization","name":"Editions ISSEKINICHO","url":"https:\/\/www.issekinicho.fr\/editions\/","logo":{"@type":"ImageObject","inLanguage":"fr-FR","@id":"https:\/\/www.issekinicho.fr\/editions\/#\/schema\/logo\/image\/","url":"https:\/\/www.issekinicho.fr\/editions\/wp-content\/uploads\/2013\/07\/logo_v3_01_vignette.webp","contentUrl":"https:\/\/www.issekinicho.fr\/editions\/wp-content\/uploads\/2013\/07\/logo_v3_01_vignette.webp","width":74,"height":100,"caption":"Editions ISSEKINICHO"},"image":{"@id":"https:\/\/www.issekinicho.fr\/editions\/#\/schema\/logo\/image\/"},"sameAs":["https:\/\/www.facebook.com\/issekinicho\/","https:\/\/x.com\/Isseki_nicho","https:\/\/www.instagram.com\/isseki_nicho\/","https:\/\/fr.pinterest.com\/issekinicho\/","https:\/\/www.youtube.com\/user\/issekinicho"]}]}},"_links":{"self":[{"href":"https:\/\/www.issekinicho.fr\/editions\/wp-json\/wp\/v2\/pages\/11517","targetHints":{"allow":["GET"]}}],"collection":[{"href":"https:\/\/www.issekinicho.fr\/editions\/wp-json\/wp\/v2\/pages"}],"about":[{"href":"https:\/\/www.issekinicho.fr\/editions\/wp-json\/wp\/v2\/types\/page"}],"author":[{"embeddable":true,"href":"https:\/\/www.issekinicho.fr\/editions\/wp-json\/wp\/v2\/users\/3021"}],"replies":[{"embeddable":true,"href":"https:\/\/www.issekinicho.fr\/editions\/wp-json\/wp\/v2\/comments?post=11517"}],"version-history":[{"count":0,"href":"https:\/\/www.issekinicho.fr\/editions\/wp-json\/wp\/v2\/pages\/11517\/revisions"}],"up":[{"embeddable":true,"href":"https:\/\/www.issekinicho.fr\/editions\/wp-json\/wp\/v2\/pages\/11349"}],"wp:attachment":[{"href":"https:\/\/www.issekinicho.fr\/editions\/wp-json\/wp\/v2\/media?parent=11517"}],"curies":[{"name":"wp","href":"https:\/\/api.w.org\/{rel}","templated":true}]}}